{"id":9794,"date":"2018-11-25T02:23:00","date_gmt":"2018-11-25T02:23:00","guid":{"rendered":"http:\/\/www.jobtalent.com.ar\/sitio\/?page_id=9794"},"modified":"2023-11-14T16:03:40","modified_gmt":"2023-11-14T16:03:40","slug":"inscripcion-al-taller-gratuito-a-distancia-sobre-armado-del-curriculum-y-preparacion-para-las-entrevistas-laborales","status":"publish","type":"page","link":"https:\/\/www.jobtalent.com.ar\/sitio\/inscripcion-al-taller-gratuito-a-distancia-sobre-armado-del-curriculum-y-preparacion-para-las-entrevistas-laborales\/","title":{"rendered":"INSCRIPCI\u00d3N AL TALLER GRATUITO A DISTANCIA SOBRE ARMADO DE UN CURR\u00cdCULUM ATRACTIVO, PREPARACI\u00d3N PARA LAS ENTREVISTAS LABORALES Y ESTRATEGIAS PARA LA B\u00daSQUEDA DE EMPLEO"},"content":{"rendered":"<p><strong>\u00a1Particip\u00e1 del pr\u00f3ximo Taller sobre Armado del CV y Entrevistas Laborales (SIN COSTO) mediante nuestra Plataforma On-Line!<\/strong><\/p>\n<p><span style=\"color: #ff9900;\"><strong>Utiliz\u00e1 las herramientas que te transmitimos en la capacitaci\u00f3n y encontr\u00e1 m\u00e1s r\u00e1pido esa oportunidad laboral que est\u00e1s buscando.<\/strong><\/span><\/p>\n<p><strong>La capacitaci\u00f3n se realizan por videoconferencia en vivo todos los D\u00cdAS (de lunes a viernes) a las 19:30 hs. y los S\u00e1bados a las 13 hs.<\/strong><\/p>\n<p><strong>\u00a0<span style=\"color: #ff6600;\">ELEG\u00cd UNO DE LOS D\u00cdAS Y ANOTATE \u00a1No dejes de participar!<\/span><\/strong><\/p>\n<p><em>Organiza<strong>\u00a0JOBTALENT<\/strong> (Consultora de Desarrollo Profesional y Recursos Humanos) \/ <a href=\"http:\/\/www.jobtalent.com.ar\">www.jobtalent.com.ar<\/a><\/em><\/p>\n<p>Los temas a tratar en la capacitaci\u00f3n ser\u00e1n:<\/p>\n<ul>\n<li><em><strong>C\u00f3mo armar un CV atractivo. Carta de Presentaci\u00f3n.<\/strong><\/em><\/li>\n<li><em><strong>An\u00e1lisis de Fortalezas y Debilidades.<\/strong><\/em><\/li>\n<li><em><strong>Herramientas de Entrenamiento y preparaci\u00f3n para una Entrevista Laboral.<\/strong><\/em><\/li>\n<li><em><strong>Estrategias para la B\u00fasqueda de Empleo.<\/strong><\/em><\/li>\n<\/ul>\n<p>El objetivo de la charla es brindar claves a la hora de buscar un empleo.<\/p>\n<p><strong><img loading=\"lazy\" decoding=\"async\" class=\"size-medium wp-image-9795 aligncenter\" src=\"http:\/\/www.jobtalent.com.ar\/sitio\/wp-content\/uploads\/2018\/11\/entrevistas-300x168.jpg\" alt=\"\" width=\"300\" height=\"168\" \/><\/strong><\/p>\n<p><strong>INSCRIPCI\u00d3N COMPLETANDO EL SIGUIENTE FORMULARIO (una vez inscripto recibir\u00e1s el Instructivo para ingresar a la Videoconferencia).<\/strong><\/p>\n\n<div class=\"wpcf7 no-js\" id=\"wpcf7-f15841-o1\" lang=\"es-ES\" dir=\"ltr\" data-wpcf7-id=\"15841\">\n<div class=\"screen-reader-response\"><p role=\"status\" aria-live=\"polite\" aria-atomic=\"true\"><\/p> <ul><\/ul><\/div>\n<form action=\"\/sitio\/wp-json\/wp\/v2\/pages\/9794#wpcf7-f15841-o1\" method=\"post\" class=\"wpcf7-form init\" aria-label=\"Formulario de contacto\" novalidate=\"novalidate\" data-status=\"init\">\n<div style=\"display: none;\">\n<input type=\"hidden\" name=\"_wpcf7\" value=\"15841\" \/>\n<input type=\"hidden\" name=\"_wpcf7_version\" value=\"6.0.6\" \/>\n<input type=\"hidden\" name=\"_wpcf7_locale\" value=\"es_ES\" \/>\n<input type=\"hidden\" name=\"_wpcf7_unit_tag\" value=\"wpcf7-f15841-o1\" \/>\n<input type=\"hidden\" name=\"_wpcf7_container_post\" value=\"0\" \/>\n<input type=\"hidden\" name=\"_wpcf7_posted_data_hash\" value=\"\" \/>\n<input type=\"hidden\" name=\"_wpcf7_recaptcha_response\" value=\"\" \/>\n<\/div>\n<p><label> Nombre<br \/>\n<span class=\"wpcf7-form-control-wrap\" data-name=\"your-name\"><input size=\"40\" maxlength=\"400\" class=\"wpcf7-form-control wpcf7-text wpcf7-validates-as-required\" aria-required=\"true\" aria-invalid=\"false\" value=\"\" type=\"text\" name=\"your-name\" \/><\/span> <\/label>\n<\/p>\n<p><label> Tu E-Mail<br \/>\n<span class=\"wpcf7-form-control-wrap\" data-name=\"your-email\"><input size=\"40\" maxlength=\"400\" class=\"wpcf7-form-control wpcf7-email wpcf7-validates-as-required wpcf7-text wpcf7-validates-as-email\" aria-required=\"true\" aria-invalid=\"false\" value=\"\" type=\"email\" name=\"your-email\" \/><\/span> <\/label>\n<\/p>\n<p><label> Tu tel\u00e9fono -indicar C\u00f3digo de \u00c1rea-<br \/>\n<span class=\"wpcf7-form-control-wrap\" data-name=\"tel-242\"><input size=\"40\" maxlength=\"400\" class=\"wpcf7-form-control wpcf7-tel wpcf7-validates-as-required wpcf7-text wpcf7-validates-as-tel\" aria-required=\"true\" aria-invalid=\"false\" value=\"\" type=\"tel\" name=\"tel-242\" \/><\/span> <\/label>\n<\/p>\n<p><label> \u00bfQu\u00e9 d\u00eda eleg\u00eds para participar del Taller sobre CV y ENTREVISTAS LABORALES?<br \/>\n<span class=\"wpcf7-form-control-wrap\" data-name=\"menu-662\"><select class=\"wpcf7-form-control wpcf7-select wpcf7-validates-as-required\" aria-required=\"true\" aria-invalid=\"false\" name=\"menu-662\"><option value=\"Lunes 19:30 hs\">Lunes 19:30 hs<\/option><option value=\"Martes 19:30 hs\">Martes 19:30 hs<\/option><option value=\"Mi\u00e9rcoles 19:30 hs\">Mi\u00e9rcoles 19:30 hs<\/option><option value=\"Jueves 19:30 hs\">Jueves 19:30 hs<\/option><option value=\"Viernes 19:30 hs\">Viernes 19:30 hs<\/option><option value=\"S\u00e1bado 13 hs\">S\u00e1bado 13 hs<\/option><\/select><\/span> <\/label>\n<\/p>\n<p><label> \u00bfSos Estudiante o Graduado?<br \/>\n<span class=\"wpcf7-form-control-wrap\" data-name=\"your-subject\"><input size=\"40\" maxlength=\"400\" class=\"wpcf7-form-control wpcf7-text\" aria-invalid=\"false\" value=\"\" type=\"text\" name=\"your-subject\" \/><\/span> <\/label>\n<\/p>\n<p><label> Carrera<br \/>\n<span class=\"wpcf7-form-control-wrap\" data-name=\"your-subject\"><input size=\"40\" maxlength=\"400\" class=\"wpcf7-form-control wpcf7-text\" aria-invalid=\"false\" value=\"\" type=\"text\" name=\"your-subject\" \/><\/span> <\/label>\n<\/p>\n<p><label> \u00bfPor qu\u00e9 quer\u00e9s realizar este Taller?<br \/>\n<span class=\"wpcf7-form-control-wrap\" data-name=\"your-message\"><textarea cols=\"40\" rows=\"10\" maxlength=\"2000\" class=\"wpcf7-form-control wpcf7-textarea\" aria-invalid=\"false\" name=\"your-message\"><\/textarea><\/span> <\/label>\n<\/p>\n<p><label> \u00bfC\u00f3mo te enteraste del evento?<br \/>\n<span class=\"wpcf7-form-control-wrap\" data-name=\"your-subject\"><input size=\"40\" maxlength=\"400\" class=\"wpcf7-form-control wpcf7-text\" aria-invalid=\"false\" value=\"\" type=\"text\" name=\"your-subject\" \/><\/span><br \/>\n<input class=\"wpcf7-form-control wpcf7-submit has-spinner\" type=\"submit\" value=\"INSCRIBIRME\" \/><\/label>\n<\/p><input type='hidden' class='wpcf7-pum' value='{\"closepopup\":false,\"closedelay\":0,\"openpopup\":false,\"openpopup_id\":0}' \/><div class=\"wpcf7-response-output\" aria-hidden=\"true\"><\/div>\n<\/form>\n<\/div>\n\n","protected":false},"excerpt":{"rendered":"<p>\u00a1Particip\u00e1 del pr\u00f3ximo Taller sobre Armado del CV y Entrevistas Laborales (SIN COSTO) mediante nuestra Plataforma On-Line! Utiliz\u00e1 las herramientas que te transmitimos en la capacitaci\u00f3n y encontr\u00e1 m\u00e1s r\u00e1pido esa oportunidad laboral que est\u00e1s buscando. La capacitaci\u00f3n se realizan &hellip; <\/p>\n","protected":false},"author":1,"featured_media":0,"parent":0,"menu_order":0,"comment_status":"closed","ping_status":"closed","template":"","meta":{"footnotes":""},"class_list":["post-9794","page","type-page","status-publish","hentry"],"aioseo_notices":[],"_links":{"self":[{"href":"https:\/\/www.jobtalent.com.ar\/sitio\/wp-json\/wp\/v2\/pages\/9794"}],"collection":[{"href":"https:\/\/www.jobtalent.com.ar\/sitio\/wp-json\/wp\/v2\/pages"}],"about":[{"href":"https:\/\/www.jobtalent.com.ar\/sitio\/wp-json\/wp\/v2\/types\/page"}],"author":[{"embeddable":true,"href":"https:\/\/www.jobtalent.com.ar\/sitio\/wp-json\/wp\/v2\/users\/1"}],"replies":[{"embeddable":true,"href":"https:\/\/www.jobtalent.com.ar\/sitio\/wp-json\/wp\/v2\/comments?post=9794"}],"version-history":[{"count":21,"href":"https:\/\/www.jobtalent.com.ar\/sitio\/wp-json\/wp\/v2\/pages\/9794\/revisions"}],"predecessor-version":[{"id":274189,"href":"https:\/\/www.jobtalent.com.ar\/sitio\/wp-json\/wp\/v2\/pages\/9794\/revisions\/274189"}],"wp:attachment":[{"href":"https:\/\/www.jobtalent.com.ar\/sitio\/wp-json\/wp\/v2\/media?parent=9794"}],"curies":[{"name":"wp","href":"https:\/\/api.w.org\/{rel}","templated":true}]}}