{"id":9768,"date":"2018-11-25T01:37:47","date_gmt":"2018-11-25T01:37:47","guid":{"rendered":"http:\/\/www.jobtalent.com.ar\/sitio\/?page_id=9768"},"modified":"2020-11-28T15:49:59","modified_gmt":"2020-11-28T15:49:59","slug":"inscripcion-a-taller-a-distancia-sobre-recursos-humanos-y-seleccion-de-personal","status":"publish","type":"page","link":"https:\/\/www.jobtalent.com.ar\/sitio\/inscripcion-a-taller-a-distancia-sobre-recursos-humanos-y-seleccion-de-personal\/","title":{"rendered":"INSCRIPCI\u00d3N AL TALLER A DISTANCIA SOBRE RECURSOS HUMANOS Y SELECCI\u00d3N DE PERSONAL"},"content":{"rendered":"<p><strong>\u00a1Particip\u00e1 del pr\u00f3ximo Taller de Recursos Humanos (SIN COSTO) mediante nuestra Plataforma On-Line!<\/strong><\/p>\n<p><em>Organiza la\u00a0<strong>Consultora JOBTALENT<\/strong>\u00a0(Desarrollo Profesional y Recursos Humanos) \/ <a href=\"http:\/\/www.jobtalent.com.ar\">www.jobtalent.com.ar<\/a><\/em><\/p>\n<p><span style=\"color: #ff6600;\"><strong>PR\u00d3XIMO TALLER: LUNES 17 HS, MI\u00c9RCOLES 13 HS \u00d3 JUEVES 17 HS (ELEG\u00cd EL D\u00cdA QUE VOS PUEDAS PARTICIPAR).<\/strong><\/span><\/p>\n<p>Los temas a tratar en la capacitaci\u00f3n ser\u00e1n:<\/p>\n<ul>\n<li><em><strong>RRHH como Socio Estrat\u00e9gico de la Organizaci\u00f3n.<\/strong><\/em><\/li>\n<li><em><strong>Rol. Funciones y planificaci\u00f3n del \u00e1rea. <\/strong><\/em><\/li>\n<li><em><strong>Descripci\u00f3n del Puesto.<\/strong><\/em><\/li>\n<li><em><strong>Proceso de Selecci\u00f3n. Entrevistas (qu\u00e9 evaluar y tener en cuenta).<\/strong><\/em><\/li>\n<li><em><strong>Entrevistas por Competencias. Armado del Informe final de un Candidato.<\/strong><\/em><\/li>\n<\/ul>\n<p><strong><img loading=\"lazy\" decoding=\"async\" class=\"size-full wp-image-9769 aligncenter\" src=\"http:\/\/www.jobtalent.com.ar\/sitio\/wp-content\/uploads\/2018\/11\/rrhhsele.jpg\" alt=\"\" width=\"275\" height=\"183\" \/><\/strong><\/p>\n<p><strong>INSCRIPCI\u00d3N COMPLETANDO EL SIGUIENTE FORMULARIO (una vez inscripto recibir\u00e1s el Instructivo para ingresar a la Videoconferencia en vivo el d\u00eda del Taller).<\/strong><\/p>\n\n<div class=\"wpcf7 no-js\" id=\"wpcf7-f9763-o1\" lang=\"es-ES\" dir=\"ltr\" data-wpcf7-id=\"9763\">\n<div class=\"screen-reader-response\"><p role=\"status\" aria-live=\"polite\" aria-atomic=\"true\"><\/p> <ul><\/ul><\/div>\n<form action=\"\/sitio\/wp-json\/wp\/v2\/pages\/9768#wpcf7-f9763-o1\" method=\"post\" class=\"wpcf7-form init\" aria-label=\"Formulario de contacto\" novalidate=\"novalidate\" data-status=\"init\">\n<div style=\"display: none;\">\n<input type=\"hidden\" name=\"_wpcf7\" value=\"9763\" \/>\n<input type=\"hidden\" name=\"_wpcf7_version\" value=\"6.0.6\" \/>\n<input type=\"hidden\" name=\"_wpcf7_locale\" value=\"es_ES\" \/>\n<input type=\"hidden\" name=\"_wpcf7_unit_tag\" value=\"wpcf7-f9763-o1\" \/>\n<input type=\"hidden\" name=\"_wpcf7_container_post\" value=\"0\" \/>\n<input type=\"hidden\" name=\"_wpcf7_posted_data_hash\" value=\"\" \/>\n<input type=\"hidden\" name=\"_wpcf7_recaptcha_response\" value=\"\" \/>\n<\/div>\n<p><label> Nombre<br \/>\n<span class=\"wpcf7-form-control-wrap\" data-name=\"your-name\"><input size=\"40\" maxlength=\"400\" class=\"wpcf7-form-control wpcf7-text wpcf7-validates-as-required\" aria-required=\"true\" aria-invalid=\"false\" value=\"\" type=\"text\" name=\"your-name\" \/><\/span> <\/label>\n<\/p>\n<p><label> Tu E-Mail<br \/>\n<span class=\"wpcf7-form-control-wrap\" data-name=\"your-email\"><input size=\"40\" maxlength=\"400\" class=\"wpcf7-form-control wpcf7-email wpcf7-validates-as-required wpcf7-text wpcf7-validates-as-email\" aria-required=\"true\" aria-invalid=\"false\" value=\"\" type=\"email\" name=\"your-email\" \/><\/span> <\/label>\n<\/p>\n<p><label> Tu tel\u00e9fono -indicar C\u00f3digo de \u00c1rea-<br \/>\n<span class=\"wpcf7-form-control-wrap\" data-name=\"tel-242\"><input size=\"40\" maxlength=\"400\" class=\"wpcf7-form-control wpcf7-tel wpcf7-validates-as-required wpcf7-text wpcf7-validates-as-tel\" aria-required=\"true\" aria-invalid=\"false\" value=\"\" type=\"tel\" name=\"tel-242\" \/><\/span> <\/label>\n<\/p>\n<p><label> \u00bfSos Estudiante o Graduado?<br \/>\n<span class=\"wpcf7-form-control-wrap\" data-name=\"your-subject\"><input size=\"40\" maxlength=\"400\" class=\"wpcf7-form-control wpcf7-text\" aria-invalid=\"false\" value=\"\" type=\"text\" name=\"your-subject\" \/><\/span> <\/label>\n<\/p>\n<p><label> Carrera<br \/>\n<span class=\"wpcf7-form-control-wrap\" data-name=\"your-subject\"><input size=\"40\" maxlength=\"400\" class=\"wpcf7-form-control wpcf7-text\" aria-invalid=\"false\" value=\"\" type=\"text\" name=\"your-subject\" \/><\/span> <\/label>\n<\/p>\n<p><label> \u00bfEn qu\u00e9 Taller quer\u00e9s participar?<br \/>\n<span class=\"wpcf7-form-control-wrap\" data-name=\"menu-496\"><select class=\"wpcf7-form-control wpcf7-select\" aria-invalid=\"false\" name=\"menu-496\"><option value=\"RRHH y Selecci\u00f3n de Pers. (Lunes 17 hs)\">RRHH y Selecci\u00f3n de Pers. (Lunes 17 hs)<\/option><option value=\"RRHH y Selecci\u00f3n de Pers. (Mi\u00e9rcoles 13 hs)\">RRHH y Selecci\u00f3n de Pers. (Mi\u00e9rcoles 13 hs)<\/option><option value=\"RRHH y Selecci\u00f3n de Pers. (Jueves 17 hs)\">RRHH y Selecci\u00f3n de Pers. (Jueves 17 hs)<\/option><\/select><\/span> <\/label>\n<\/p>\n<p><label> \u00bfPor qu\u00e9 quer\u00e9s realizar este Taller?<br \/>\n<span class=\"wpcf7-form-control-wrap\" data-name=\"your-message\"><textarea cols=\"40\" rows=\"10\" maxlength=\"2000\" class=\"wpcf7-form-control wpcf7-textarea\" aria-invalid=\"false\" name=\"your-message\"><\/textarea><\/span> <\/label>\n<\/p>\n<p><label> \u00bfC\u00f3mo te enteraste del evento?<br \/>\n<span class=\"wpcf7-form-control-wrap\" data-name=\"your-subject\"><input size=\"40\" maxlength=\"400\" class=\"wpcf7-form-control wpcf7-text\" aria-invalid=\"false\" value=\"\" type=\"text\" name=\"your-subject\" \/><\/span> <\/label>\n<\/p>\n<p><input class=\"wpcf7-form-control wpcf7-submit has-spinner\" type=\"submit\" value=\"INSCRIBIRME\" \/>\n<\/p><input type='hidden' class='wpcf7-pum' value='{\"closepopup\":false,\"closedelay\":0,\"openpopup\":false,\"openpopup_id\":0}' \/><div class=\"wpcf7-response-output\" aria-hidden=\"true\"><\/div>\n<\/form>\n<\/div>\n\n","protected":false},"excerpt":{"rendered":"<p>\u00a1Particip\u00e1 del pr\u00f3ximo Taller de Recursos Humanos (SIN COSTO) mediante nuestra Plataforma On-Line! Organiza la\u00a0Consultora JOBTALENT\u00a0(Desarrollo Profesional y Recursos Humanos) \/ www.jobtalent.com.ar PR\u00d3XIMO TALLER: LUNES 17 HS, MI\u00c9RCOLES 13 HS \u00d3 JUEVES 17 HS (ELEG\u00cd EL D\u00cdA QUE VOS PUEDAS &hellip; <\/p>\n","protected":false},"author":1,"featured_media":0,"parent":0,"menu_order":0,"comment_status":"closed","ping_status":"closed","template":"","meta":{"footnotes":""},"class_list":["post-9768","page","type-page","status-publish","hentry"],"aioseo_notices":[],"_links":{"self":[{"href":"https:\/\/www.jobtalent.com.ar\/sitio\/wp-json\/wp\/v2\/pages\/9768"}],"collection":[{"href":"https:\/\/www.jobtalent.com.ar\/sitio\/wp-json\/wp\/v2\/pages"}],"about":[{"href":"https:\/\/www.jobtalent.com.ar\/sitio\/wp-json\/wp\/v2\/types\/page"}],"author":[{"embeddable":true,"href":"https:\/\/www.jobtalent.com.ar\/sitio\/wp-json\/wp\/v2\/users\/1"}],"replies":[{"embeddable":true,"href":"https:\/\/www.jobtalent.com.ar\/sitio\/wp-json\/wp\/v2\/comments?post=9768"}],"version-history":[{"count":10,"href":"https:\/\/www.jobtalent.com.ar\/sitio\/wp-json\/wp\/v2\/pages\/9768\/revisions"}],"predecessor-version":[{"id":136507,"href":"https:\/\/www.jobtalent.com.ar\/sitio\/wp-json\/wp\/v2\/pages\/9768\/revisions\/136507"}],"wp:attachment":[{"href":"https:\/\/www.jobtalent.com.ar\/sitio\/wp-json\/wp\/v2\/media?parent=9768"}],"curies":[{"name":"wp","href":"https:\/\/api.w.org\/{rel}","templated":true}]}}