{"id":8895,"date":"2018-11-13T20:29:17","date_gmt":"2018-11-13T20:29:17","guid":{"rendered":"http:\/\/www.jobtalent.com.ar\/sitio\/?page_id=8895"},"modified":"2018-11-14T21:44:07","modified_gmt":"2018-11-14T21:44:07","slug":"dejanos-tu-curriculum","status":"publish","type":"page","link":"https:\/\/www.jobtalent.com.ar\/sitio\/dejanos-tu-curriculum\/","title":{"rendered":"DEJANOS TU CURR\u00cdCULUM"},"content":{"rendered":"<p><strong>Contamos con B\u00fasquedas Laborales Activas para diferentes puestos y perfiles en toda la Argentina.<\/strong><\/p>\n<p><strong>\u00a1Dejanos tu CV\u00a0aqu\u00ed!<\/strong><\/p>\n\n<div class=\"wpcf7 no-js\" id=\"wpcf7-f8897-o1\" lang=\"es-ES\" dir=\"ltr\" data-wpcf7-id=\"8897\">\n<div class=\"screen-reader-response\"><p role=\"status\" aria-live=\"polite\" aria-atomic=\"true\"><\/p> <ul><\/ul><\/div>\n<form action=\"\/sitio\/wp-json\/wp\/v2\/pages\/8895#wpcf7-f8897-o1\" method=\"post\" class=\"wpcf7-form init\" aria-label=\"Formulario de contacto\" enctype=\"multipart\/form-data\" novalidate=\"novalidate\" data-status=\"init\">\n<div style=\"display: none;\">\n<input type=\"hidden\" name=\"_wpcf7\" value=\"8897\" \/>\n<input type=\"hidden\" name=\"_wpcf7_version\" value=\"6.0.6\" \/>\n<input type=\"hidden\" name=\"_wpcf7_locale\" value=\"es_ES\" \/>\n<input type=\"hidden\" name=\"_wpcf7_unit_tag\" value=\"wpcf7-f8897-o1\" \/>\n<input type=\"hidden\" name=\"_wpcf7_container_post\" value=\"0\" \/>\n<input type=\"hidden\" name=\"_wpcf7_posted_data_hash\" value=\"\" \/>\n<input type=\"hidden\" name=\"_wpcf7_recaptcha_response\" value=\"\" \/>\n<\/div>\n<p>Envianos tu Curr\u00edculum y autom\u00e1ticamente formar\u00e1s parte de nuestra Base de Candidatos.<br \/>\nContamos con much\u00edsimas B\u00fasquedas Laborales vigentes.\n<\/p>\n<p><label> Indicanos tu Nombre y Apellido<br \/>\n<span class=\"wpcf7-form-control-wrap\" data-name=\"your-name\"><input size=\"40\" maxlength=\"400\" class=\"wpcf7-form-control wpcf7-text wpcf7-validates-as-required\" aria-required=\"true\" aria-invalid=\"false\" value=\"\" type=\"text\" name=\"your-name\" \/><\/span> <\/label>\n<\/p>\n<p><label> Tu e-mail:<br \/>\n<span class=\"wpcf7-form-control-wrap\" data-name=\"your-email\"><input size=\"40\" maxlength=\"400\" class=\"wpcf7-form-control wpcf7-email wpcf7-validates-as-required wpcf7-text wpcf7-validates-as-email\" aria-required=\"true\" aria-invalid=\"false\" value=\"\" type=\"email\" name=\"your-email\" \/><\/span> <\/label>\n<\/p>\n<p><label> Tu tel\u00e9fono (indicando C\u00f3digo de \u00c1rea):<br \/>\n<span class=\"wpcf7-form-control-wrap\" data-name=\"tel-626\"><input size=\"40\" maxlength=\"400\" class=\"wpcf7-form-control wpcf7-tel wpcf7-text wpcf7-validates-as-tel\" aria-invalid=\"false\" value=\"\" type=\"tel\" name=\"tel-626\" \/><\/span> <\/label>\n<\/p>\n<p><label> Tu n\u00famero de DNI:<br \/>\n<span class=\"wpcf7-form-control-wrap\" data-name=\"number-146\"><input class=\"wpcf7-form-control wpcf7-number wpcf7-validates-as-number\" aria-invalid=\"false\" value=\"\" type=\"number\" name=\"number-146\" \/><\/span> <\/label>\n<\/p>\n<p><label> \u00bfEn qu\u00e9 \u00e1rea est\u00e1s buscando trabajo?<br \/>\n<span class=\"wpcf7-form-control-wrap\" data-name=\"menu-771\"><select class=\"wpcf7-form-control wpcf7-select\" aria-invalid=\"false\" multiple=\"multiple\" name=\"menu-771[]\"><option value=\"Recursos Humanos\">Recursos Humanos<\/option><option value=\"Comunicaci\u00f3n, Marketing y RRHH\">Comunicaci\u00f3n, Marketing y RRHH<\/option><option value=\"Salud\">Salud<\/option><option value=\"Dise\u00f1os y Fotograf\u00eda\">Dise\u00f1os y Fotograf\u00eda<\/option><option value=\"Ciencias Econ\u00f3micas\">Ciencias Econ\u00f3micas<\/option><option value=\"Ciencias Jur\u00eddicas\">Ciencias Jur\u00eddicas<\/option><option value=\"Ingenier\u00edas\">Ingenier\u00edas<\/option><option value=\"Sistemas\">Sistemas<\/option><\/select><\/span><\/label>\n<\/p>\n<p><label> \u00bfEn qu\u00e9 Localidad est\u00e1s viviendo?<br \/>\n<span class=\"wpcf7-form-control-wrap\" data-name=\"textarea-578\"><textarea cols=\"40\" rows=\"10\" maxlength=\"2000\" class=\"wpcf7-form-control wpcf7-textarea\" aria-invalid=\"false\" name=\"textarea-578\"><\/textarea><\/span><\/label>\n<\/p>\n<p><label> Por favor adjuntanos tu CV en este link.<br \/>\n<span class=\"wpcf7-form-control-wrap\" data-name=\"file-160\"><input size=\"40\" class=\"wpcf7-form-control wpcf7-file\" accept=\"audio\/*,video\/*,image\/*\" aria-invalid=\"false\" type=\"file\" name=\"file-160\" \/><\/span><\/label>\n<\/p>\n<p><label> \u00bfTe interesa recibir info de Cursos de Desarrollo Profesional de nuestra Consultora?<br \/>\n<span class=\"wpcf7-form-control-wrap\" data-name=\"menu-878\"><select class=\"wpcf7-form-control wpcf7-select\" aria-invalid=\"false\" multiple=\"multiple\" name=\"menu-878[]\"><option value=\"SI, me interesa!\">SI, me interesa!<\/option><option value=\"NO, por ahora no.\">NO, por ahora no.<\/option><\/select><\/span><\/label>\n<\/p>\n<p><input class=\"wpcf7-form-control wpcf7-submit has-spinner\" type=\"submit\" value=\"Enviar\" \/>\n<\/p><input type='hidden' class='wpcf7-pum' value='{\"closepopup\":false,\"closedelay\":0,\"openpopup\":false,\"openpopup_id\":0}' \/><div class=\"wpcf7-response-output\" aria-hidden=\"true\"><\/div>\n<\/form>\n<\/div>\n\n<p>&nbsp;<\/p>\n<p>&nbsp;<\/p>\n<p>&nbsp;<\/p>\n<p>&nbsp;<\/p>\n","protected":false},"excerpt":{"rendered":"<p>Contamos con B\u00fasquedas Laborales Activas para diferentes puestos y perfiles en toda la Argentina. \u00a1Dejanos tu CV\u00a0aqu\u00ed! &nbsp; &nbsp; &nbsp; &nbsp;<\/p>\n","protected":false},"author":1,"featured_media":0,"parent":0,"menu_order":0,"comment_status":"closed","ping_status":"closed","template":"","meta":{"footnotes":""},"class_list":["post-8895","page","type-page","status-publish","hentry"],"aioseo_notices":[],"_links":{"self":[{"href":"https:\/\/www.jobtalent.com.ar\/sitio\/wp-json\/wp\/v2\/pages\/8895"}],"collection":[{"href":"https:\/\/www.jobtalent.com.ar\/sitio\/wp-json\/wp\/v2\/pages"}],"about":[{"href":"https:\/\/www.jobtalent.com.ar\/sitio\/wp-json\/wp\/v2\/types\/page"}],"author":[{"embeddable":true,"href":"https:\/\/www.jobtalent.com.ar\/sitio\/wp-json\/wp\/v2\/users\/1"}],"replies":[{"embeddable":true,"href":"https:\/\/www.jobtalent.com.ar\/sitio\/wp-json\/wp\/v2\/comments?post=8895"}],"version-history":[{"count":2,"href":"https:\/\/www.jobtalent.com.ar\/sitio\/wp-json\/wp\/v2\/pages\/8895\/revisions"}],"predecessor-version":[{"id":8907,"href":"https:\/\/www.jobtalent.com.ar\/sitio\/wp-json\/wp\/v2\/pages\/8895\/revisions\/8907"}],"wp:attachment":[{"href":"https:\/\/www.jobtalent.com.ar\/sitio\/wp-json\/wp\/v2\/media?parent=8895"}],"curies":[{"name":"wp","href":"https:\/\/api.w.org\/{rel}","templated":true}]}}