{"id":87,"date":"2015-10-22T03:17:26","date_gmt":"2015-10-22T03:17:26","guid":{"rendered":"http:\/\/demo.thimpress.com\/eduma\/?page_id=87"},"modified":"2016-12-20T14:47:23","modified_gmt":"2016-12-20T14:47:23","slug":"contact","status":"publish","type":"page","link":"https:\/\/www.jobtalent.com.ar\/sitio\/contact\/","title":{"rendered":"Cont\u00e1ctanos"},"content":{"rendered":"<div id=\"pl-87\"  class=\"panel-layout\" ><div id=\"pg-87-0\"  class=\"panel-grid panel-no-style\" ><div id=\"pgc-87-0-0\"  class=\"panel-grid-cell\" ><div id=\"panel-87-0-0-0\" class=\"so-panel widget widget_heading panel-first-child\" data-index=\"0\" ><div class=\"panel-widget-style panel-widget-style-for-87-0-0-0\" ><div class=\"thim-widget-heading template-base\"><div class=\"sc_heading  text-left\"><h3 style=\"text-transform: uppercase;\" class=\"title\">Formulario de Contacto<\/h3><p class=\"sub-heading\" style=\"\">Agradecemos tu visita a la web de JOBTALENT.<\/p><span class=\"line\"><\/span><\/div><\/div><\/div><\/div><div id=\"panel-87-0-0-1\" class=\"so-panel widget widget_siteorigin-panels-builder\" data-index=\"1\" ><div class=\"thim-border-top panel-widget-style panel-widget-style-for-87-0-0-1\" ><div id=\"pl-w58594301b8d2f\"  class=\"panel-layout\" ><div id=\"pg-w58594301b8d2f-0\"  class=\"panel-grid panel-no-style\" ><div id=\"pgc-w58594301b8d2f-0-0\"  class=\"panel-grid-cell\" ><div id=\"panel-w58594301b8d2f-0-0-0\" class=\"so-panel widget widget_icon-box panel-first-child panel-last-child\" data-index=\"0\" ><div class=\"thim-widget-icon-box template-base\"><div class=\"wrapper-box-icon text-left contact_info\" ><div class=\"smicon-box iconbox-left\" style=\"--icon-font-size:14px;--icon-color:#ffb606;--icon-width: 30px;\"><div class=\"boxes-icon\"><span class=\"inner-icon\"><span class=\"icon\"><i class=\"fa fa-phone\"\"><\/i><\/span><\/span><\/span><\/div><div class=\"content-inner\"><div class=\"sc-heading article_heading\"><h3 class = \"heading__primary\" >Tel\u00e9fono<\/h3><\/div><div class=\"desc-icon-box\"><div class=\"desc-content\" >Oficina &#62; 2005-5156 \nCelular \/ Whatsapp 15-2378-8509<\/div><\/div><\/div><\/div><\/div><\/div><\/div><\/div><div id=\"pgc-w58594301b8d2f-0-1\"  class=\"panel-grid-cell\" ><div id=\"panel-w58594301b8d2f-0-1-0\" class=\"so-panel widget widget_icon-box panel-first-child panel-last-child\" data-index=\"1\" ><div class=\"thim-widget-icon-box template-base\"><div class=\"wrapper-box-icon text-left contact_info\" ><div class=\"smicon-box iconbox-left\" style=\"--icon-font-size:14px;--icon-color:#ffb606;--icon-width: 30px;\"><div class=\"boxes-icon\"><span class=\"inner-icon\"><span class=\"icon\"><i class=\"fa fa-envelope\"\"><\/i><\/span><\/span><\/span><\/div><div class=\"content-inner\"><div class=\"sc-heading article_heading\"><h3 class = \"heading__primary\" >E-mail<\/h3><\/div><div class=\"desc-icon-box\"><div class=\"desc-content\" ><a href=\"hello@eduma.com\">info@jobtalent.com.ar<\/a><\/div><\/div><\/div><\/div><\/div><\/div><\/div><\/div><\/div><\/div><\/div><\/div><div id=\"panel-87-0-0-2\" class=\"so-panel widget widget_icon-box\" data-index=\"2\" ><div class=\"thim-border-top panel-widget-style panel-widget-style-for-87-0-0-2\" ><div class=\"thim-widget-icon-box template-base\"><div class=\"wrapper-box-icon text-left contact_info\" ><div class=\"smicon-box iconbox-left\" style=\"--icon-font-size:14px;--icon-color:#ffb606;--icon-width: 30px;\"><div class=\"boxes-icon\"><span class=\"inner-icon\"><span class=\"icon\"><i class=\"fa fa-map-marker\"\"><\/i><\/span><\/span><\/span><\/div><div class=\"content-inner\"><div class=\"sc-heading article_heading\"><h3 class = \"heading__primary\" >Direcci\u00f3n<\/h3><\/div><div class=\"desc-icon-box\"><div class=\"desc-content\" >Av. Rivadavia 1545, Ciudad de Buenos Aires, Argentina.<\/div><\/div><\/div><\/div><\/div><\/div><\/div><\/div><div id=\"panel-87-0-0-3\" class=\"so-panel widget widget_social panel-last-child\" data-index=\"3\" ><div class=\"thim-border-top panel-widget-style panel-widget-style-for-87-0-0-3\" ><div class=\"thim-widget-social template-base\"><div class=\"thim-social\">\n\t\t<ul class=\"social_link\">\n\t\t<li><a class=\"facebook hasTooltip\" href=\"http:\/\/www.facebook.com\/estudiosyempleos\" target=\"_self\"><i class=\"fa fa-facebook\"><\/i><\/a><\/li><li><a class=\"twitter hasTooltip\" href=\"https:\/\/twitter.com\/estudiosempleos\" target=\"_self\" ><i class=\"fa fa-x-twitter\"><\/i><\/a><\/li><li><a class=\"linkedin hasTooltip\" href=\"https:\/\/ar.linkedin.com\/in\/silvina-dallas-2b2bb235\" target=\"_self\" ><i class=\"fa fa-linkedin\"><\/i><\/a><\/li>\t<\/ul>\n<\/div><\/div><\/div><\/div><\/div><div id=\"pgc-87-0-1\"  class=\"panel-grid-cell panel-grid-cell-empty\" ><\/div><div id=\"pgc-87-0-2\"  class=\"panel-grid-cell\" ><div id=\"panel-87-0-2-0\" class=\"so-panel widget widget_heading panel-first-child\" data-index=\"4\" ><div class=\"panel-widget-style panel-widget-style-for-87-0-2-0\" ><div class=\"thim-widget-heading template-base\"><div class=\"sc_heading  text-left\"><h3 style=\"text-transform: uppercase;\" class=\"title\">ENVIAR MENSAJE<\/h3><p class=\"sub-heading\" style=\"\">Su direcci\u00f3n de correo electr\u00f3nico no ser\u00e1 publicada. Los campos obligatorios est\u00e1n marcados.<\/p><span class=\"line\"><\/span><\/div><\/div><\/div><\/div><div id=\"panel-87-0-2-1\" class=\"so-panel widget widget_text panel-last-child\" data-index=\"5\" >\t\t\t<div class=\"textwidget\">\n<div class=\"wpcf7 no-js\" id=\"wpcf7-f6847-o1\" lang=\"en-US\" dir=\"ltr\" data-wpcf7-id=\"6847\">\n<div class=\"screen-reader-response\"><p role=\"status\" aria-live=\"polite\" aria-atomic=\"true\"><\/p> <ul><\/ul><\/div>\n<form action=\"\/sitio\/wp-json\/wp\/v2\/pages\/87#wpcf7-f6847-o1\" method=\"post\" class=\"wpcf7-form init\" aria-label=\"Contact form\" novalidate=\"novalidate\" data-status=\"init\">\n<div style=\"display: none;\">\n<input type=\"hidden\" name=\"_wpcf7\" value=\"6847\" \/>\n<input type=\"hidden\" name=\"_wpcf7_version\" value=\"6.0.6\" \/>\n<input type=\"hidden\" name=\"_wpcf7_locale\" value=\"en_US\" \/>\n<input type=\"hidden\" name=\"_wpcf7_unit_tag\" value=\"wpcf7-f6847-o1\" \/>\n<input type=\"hidden\" name=\"_wpcf7_container_post\" value=\"0\" \/>\n<input type=\"hidden\" name=\"_wpcf7_posted_data_hash\" value=\"\" \/>\n<input type=\"hidden\" name=\"_wpcf7_recaptcha_response\" value=\"\" \/>\n<\/div>\n<p><span class=\"wpcf7-form-control-wrap\" data-name=\"your-name\"><input size=\"40\" maxlength=\"400\" class=\"wpcf7-form-control wpcf7-text wpcf7-validates-as-required\" aria-required=\"true\" aria-invalid=\"false\" placeholder=\"Nombre *\" value=\"\" type=\"text\" name=\"your-name\" \/><\/span>\n<\/p>\n<p><span class=\"wpcf7-form-control-wrap\" data-name=\"your-email\"><input size=\"40\" maxlength=\"400\" class=\"wpcf7-form-control wpcf7-email wpcf7-validates-as-required wpcf7-text wpcf7-validates-as-email\" aria-required=\"true\" aria-invalid=\"false\" placeholder=\"E-mail *\" value=\"\" type=\"email\" name=\"your-email\" \/><\/span>\n<\/p>\n<p><span class=\"wpcf7-form-control-wrap\" data-name=\"telefono\"><input size=\"40\" maxlength=\"400\" class=\"wpcf7-form-control wpcf7-text wpcf7-validates-as-required\" aria-required=\"true\" aria-invalid=\"false\" placeholder=\"Tel\u00e9fono (indicanos el C\u00f3digo de \u00c1rea y Pa\u00eds)*\" value=\"\" type=\"text\" name=\"telefono\" \/><\/span>\n<\/p>\n<p><span class=\"wpcf7-form-control-wrap\" data-name=\"your-message\"><textarea cols=\"40\" rows=\"10\" maxlength=\"2000\" class=\"wpcf7-form-control wpcf7-textarea wpcf7-validates-as-required\" aria-required=\"true\" aria-invalid=\"false\" placeholder=\"Consulta *\" name=\"your-message\"><\/textarea><\/span>\n<\/p>\n<p><input class=\"wpcf7-form-control wpcf7-submit has-spinner\" type=\"submit\" value=\"Enviar\" \/>\n<\/p><input type='hidden' class='wpcf7-pum' value='{\"closepopup\":false,\"closedelay\":0,\"openpopup\":false,\"openpopup_id\":0}' \/><div class=\"wpcf7-response-output\" aria-hidden=\"true\"><\/div>\n<\/form>\n<\/div>\n<\/div>\n\t\t<\/div><\/div><\/div><div id=\"pg-87-1\"  class=\"panel-grid panel-has-style\" ><div class=\"thim-bg-overlay text-center siteorigin-panels-stretch panel-row-style panel-row-style-for-87-1\" data-stretch-type=\"full\" ><div id=\"pgc-87-1-0\"  class=\"panel-grid-cell\" ><div id=\"panel-87-1-0-0\" class=\"so-panel widget widget_heading panel-first-child\" data-index=\"6\" ><div class=\"panel-widget-style panel-widget-style-for-87-1-0-0\" ><div class=\"thim-widget-heading template-base\"><div class=\"sc_heading  text-center\"><h3 style=\"text-transform: uppercase;color:#ffffff;\" class=\"title\">Suscr\u00edbete a nuestras noticias, avisos laborales y nuevos cursos.<\/h3><span style=\"background-color:#ffffff\" class=\"line\"><\/span><\/div><\/div><\/div><\/div><div id=\"panel-87-1-0-1\" class=\"so-panel widget widget_text panel-last-child\" data-index=\"7\" >\t\t\t<div class=\"textwidget\">[mc4wp_form]<\/div>\n\t\t<\/div><\/div><\/div><\/div><div id=\"pg-87-2\"  class=\"panel-grid panel-no-style\" ><div id=\"pgc-87-2-0\"  class=\"panel-grid-cell\" ><div id=\"panel-87-2-0-0\" class=\"so-panel widget widget_heading panel-first-child panel-last-child\" data-index=\"8\" ><div class=\"thim-widget-heading template-base\"><div class=\"sc_heading  text-left\"><h3 style=\"text-transform: uppercase;\" class=\"title\">Ubicaci\u00f3n<\/h3><span class=\"line\"><\/span><\/div><\/div><\/div><\/div><\/div><div id=\"pg-87-3\"  class=\"panel-grid panel-has-style\" ><div class=\"siteorigin-panels-stretch panel-row-style panel-row-style-for-87-3\" data-stretch-type=\"full-stretched\" ><div id=\"pgc-87-3-0\"  class=\"panel-grid-cell\" ><div id=\"panel-87-3-0-0\" class=\"so-panel widget widget_google-map panel-first-child panel-last-child\" data-index=\"9\" ><div class=\"thim-widget-google-map template-google-map\"><div class=\"thim-map-iframe\" style =\"height: 450px\"><iframe frameborder=\"0\" scrolling=\"no\" marginheight=\"0\" marginwidth=\"0\" src=\"https:\/\/maps.google.com\/maps?q=Av.%20Rivadavia%201545%2C%20Ciudad%20de%20Buenos%20Aires%2C%20Argentina&amp;t=m&amp;z=12&amp;output=embed&amp;iwloc=near\" title=\"Av. Rivadavia 1545, Ciudad de Buenos Aires, Argentina\" aria-label=\"Av. Rivadavia 1545, Ciudad de Buenos Aires, Argentina\"><\/iframe><\/div>\n<\/div><\/div><\/div><\/div><\/div><\/div>","protected":false},"excerpt":{"rendered":"<p>[mc4wp_form]<\/p>\n","protected":false},"author":1,"featured_media":0,"parent":0,"menu_order":0,"comment_status":"closed","ping_status":"closed","template":"","meta":{"footnotes":""},"class_list":["post-87","page","type-page","status-publish","hentry"],"aioseo_notices":[],"_links":{"self":[{"href":"https:\/\/www.jobtalent.com.ar\/sitio\/wp-json\/wp\/v2\/pages\/87"}],"collection":[{"href":"https:\/\/www.jobtalent.com.ar\/sitio\/wp-json\/wp\/v2\/pages"}],"about":[{"href":"https:\/\/www.jobtalent.com.ar\/sitio\/wp-json\/wp\/v2\/types\/page"}],"author":[{"embeddable":true,"href":"https:\/\/www.jobtalent.com.ar\/sitio\/wp-json\/wp\/v2\/users\/1"}],"replies":[{"embeddable":true,"href":"https:\/\/www.jobtalent.com.ar\/sitio\/wp-json\/wp\/v2\/comments?post=87"}],"version-history":[{"count":5,"href":"https:\/\/www.jobtalent.com.ar\/sitio\/wp-json\/wp\/v2\/pages\/87\/revisions"}],"predecessor-version":[{"id":6924,"href":"https:\/\/www.jobtalent.com.ar\/sitio\/wp-json\/wp\/v2\/pages\/87\/revisions\/6924"}],"wp:attachment":[{"href":"https:\/\/www.jobtalent.com.ar\/sitio\/wp-json\/wp\/v2\/media?parent=87"}],"curies":[{"name":"wp","href":"https:\/\/api.w.org\/{rel}","templated":true}]}}