{"id":4424,"date":"2016-03-01T04:01:14","date_gmt":"2016-03-01T04:01:14","guid":{"rendered":"http:\/\/educationwp.thimpress.com\/demo-vc\/?page_id=4424"},"modified":"2017-01-03T03:20:16","modified_gmt":"2017-01-03T03:20:16","slug":"portfolio-masonry","status":"publish","type":"page","link":"https:\/\/www.jobtalent.com.ar\/sitio\/portfolio-masonry\/","title":{"rendered":"SERVICIOS DE CONSULTOR\u00cdA"},"content":{"rendered":"<div id=\"pl-4424\"  class=\"panel-layout\" ><div id=\"pg-4424-0\"  class=\"panel-grid panel-no-style\" ><div id=\"pgc-4424-0-0\"  class=\"panel-grid-cell\" ><div id=\"panel-4424-0-0-0\" class=\"so-panel widget widget_portfolio panel-first-child panel-last-child\" data-index=\"0\" ><div class=\"thim-widget-portfolio template-base\">\t<div\n\t\tclass=\"wapper_portfolio style05 gutter masonry all\">\n\t\t\t\t\t<div class=\"portfolio-tabs-wapper filters\" style=\"text-align:center;\" >\n\t\t\t\t<ul class=\"portfolio-tabs\">\n\t\t\t\t\t\t\t\t\t\t\t<li><a href class=\"filter active\"\n\t\t\t\t\t\t\t   data-filter=\"*\">Todos<\/a>\n\t\t\t\t\t\t<\/li>\n\t\t\t\t\t\t\t\t\t\t\t\t\t\t\t\t\t\t\t\t\t<li>\n\t\t\t\t\t\t\t\t\t<a class=\"filter\" href\n\t\t\t\t\t\t\t\t\t   data-filter=\".desarrollo-profesional-y-recursos-humanos\">Desarrollo Profesional y Recursos Humanos<\/a>\n\t\t\t\t\t\t\t\t<\/li>\n\t\t\t\t\t\t\t\t\t\t\t\t\t\t\t\t\t<\/ul>\n\t\t\t<\/div>\n\t\t\n\t\t<div class=\"portfolio_column\">\n\t\t\t<ul class=\"content_portfolio style05\">\n\t\t\t\t<li data-color=\"#7427f9\" class=\"element-item desarrollo-profesional-y-recursos-humanos  item_portfolio  three-col\" style=\"background-color:#7427f9;\"><div class=\"portfolio-image\"><div class=\"img-portfolio\"><a href=\"https:\/\/www.jobtalent.com.ar\/sitio\/portfolio\/about-soft-skills\/\" title=\"B\u00daSQUEDA Y SELECCI\u00d3N DE PERSONAL\"><img decoding=\"async\" src=\"https:\/\/www.jobtalent.com.ar\/sitio\/wp-content\/uploads\/2016\/03\/rrhh1-600x325.jpg\" alt= B\u00daSQUEDA Y SELECCI\u00d3N DE PERSONAL title = B\u00daSQUEDA Y SELECCI\u00d3N DE PERSONAL \/><\/a><\/div><div class=\"portfolio-hover\" style=\"background-color:#7427f9;\"><div class=\"thumb-bg\"><div class=\"mask-content\"><h3><a href=\"https:\/\/www.jobtalent.com.ar\/sitio\/portfolio\/about-soft-skills\/\" title=\"B\u00daSQUEDA Y SELECCI\u00d3N DE PERSONAL\" >B\u00daSQUEDA Y SELECCI\u00d3N DE PERSONAL<\/a><\/h3><div class=\"cat_portfolio\"><a href=\"https:\/\/www.jobtalent.com.ar\/sitio\/portfolio_category\/desarrollo-profesional-y-recursos-humanos\/\">Desarrollo Profesional y Recursos Humanos<\/a><\/div><a href=\"https:\/\/www.jobtalent.com.ar\/sitio\/portfolio\/about-soft-skills\/\" title=\"B\u00daSQUEDA Y SELECCI\u00d3N DE PERSONAL\" class=\"btn_zoom \" >Ver m\u00e1s<\/a><\/div><\/div><\/div><\/div><\/li>\n\t\t\t\t<li data-color=\"#ffb606\" class=\"element-item desarrollo-profesional-y-recursos-humanos  item_portfolio  three-col\" style=\"background-color:#ffb606;\"><div class=\"portfolio-image\"><div class=\"img-portfolio\"><a href=\"https:\/\/www.jobtalent.com.ar\/sitio\/portfolio\/up-your-skill\/\" title=\"SERVICIO DE ORIENTACI\u00d3N VOCACIONAL Y LABORAL\"><img decoding=\"async\" src=\"https:\/\/www.jobtalent.com.ar\/sitio\/wp-content\/uploads\/2016\/03\/rrhh2-600x400.jpg\" alt= SERVICIO DE ORIENTACI\u00d3N VOCACIONAL Y LABORAL title = SERVICIO DE ORIENTACI\u00d3N VOCACIONAL Y LABORAL \/><\/a><\/div><div class=\"portfolio-hover\" style=\"background-color:#ffb606;\"><div class=\"thumb-bg\"><div class=\"mask-content\"><h3><a href=\"https:\/\/www.jobtalent.com.ar\/sitio\/portfolio\/up-your-skill\/\" title=\"SERVICIO DE ORIENTACI\u00d3N VOCACIONAL Y LABORAL\" >SERVICIO DE ORIENTACI\u00d3N VOCACIONAL Y LABORAL<\/a><\/h3><div class=\"cat_portfolio\"><a href=\"https:\/\/www.jobtalent.com.ar\/sitio\/portfolio_category\/desarrollo-profesional-y-recursos-humanos\/\">Desarrollo Profesional y Recursos Humanos<\/a><\/div><a href=\"https:\/\/www.jobtalent.com.ar\/sitio\/portfolio\/up-your-skill\/\" title=\"SERVICIO DE ORIENTACI\u00d3N VOCACIONAL Y LABORAL\" class=\"btn_zoom \" >Ver m\u00e1s<\/a><\/div><\/div><\/div><\/div><\/li>\n\t\t\t\t<li data-color=\"#ef5c37\" class=\"element-item desarrollo-profesional-y-recursos-humanos  item_portfolio  three-col\" style=\"background-color:#ef5c37;\"><div class=\"portfolio-image\"><div class=\"img-portfolio\"><a href=\"https:\/\/www.jobtalent.com.ar\/sitio\/portfolio\/startup-team\/\" title=\"CAPACITACI\u00d3N IN COMPANY\"><img decoding=\"async\" src=\"https:\/\/www.jobtalent.com.ar\/sitio\/wp-content\/uploads\/2016\/03\/rrhh3-600x339.jpg\" alt= CAPACITACI\u00d3N IN COMPANY title = CAPACITACI\u00d3N IN COMPANY \/><\/a><\/div><div class=\"portfolio-hover\" style=\"background-color:#ef5c37;\"><div class=\"thumb-bg\"><div class=\"mask-content\"><h3><a href=\"https:\/\/www.jobtalent.com.ar\/sitio\/portfolio\/startup-team\/\" title=\"CAPACITACI\u00d3N IN COMPANY\" >CAPACITACI\u00d3N IN COMPANY<\/a><\/h3><div class=\"cat_portfolio\"><a href=\"https:\/\/www.jobtalent.com.ar\/sitio\/portfolio_category\/desarrollo-profesional-y-recursos-humanos\/\">Desarrollo Profesional y Recursos Humanos<\/a><\/div><a href=\"https:\/\/www.jobtalent.com.ar\/sitio\/portfolio\/startup-team\/\" title=\"CAPACITACI\u00d3N IN COMPANY\" class=\"btn_zoom \" >Ver m\u00e1s<\/a><\/div><\/div><\/div><\/div><\/li>\n\t\t\t\t\t\t\t<\/ul>\n\t\t\t\t\t<\/div>\n\t<\/div>\n\t<!-- .wapper portfolio -->\n<\/div><\/div><\/div><\/div><\/div>","protected":false},"excerpt":{"rendered":"<p>[vc_row css=\u00bb.vc_custom_1471278654421{margin-bottom: 0px !important;}\u00bb][vc_column][\/vc_column][\/vc_row]<\/p>\n","protected":false},"author":1,"featured_media":0,"parent":0,"menu_order":0,"comment_status":"closed","ping_status":"closed","template":"","meta":{"footnotes":""},"class_list":["post-4424","page","type-page","status-publish","hentry"],"aioseo_notices":[],"_links":{"self":[{"href":"https:\/\/www.jobtalent.com.ar\/sitio\/wp-json\/wp\/v2\/pages\/4424"}],"collection":[{"href":"https:\/\/www.jobtalent.com.ar\/sitio\/wp-json\/wp\/v2\/pages"}],"about":[{"href":"https:\/\/www.jobtalent.com.ar\/sitio\/wp-json\/wp\/v2\/types\/page"}],"author":[{"embeddable":true,"href":"https:\/\/www.jobtalent.com.ar\/sitio\/wp-json\/wp\/v2\/users\/1"}],"replies":[{"embeddable":true,"href":"https:\/\/www.jobtalent.com.ar\/sitio\/wp-json\/wp\/v2\/comments?post=4424"}],"version-history":[{"count":2,"href":"https:\/\/www.jobtalent.com.ar\/sitio\/wp-json\/wp\/v2\/pages\/4424\/revisions"}],"predecessor-version":[{"id":7013,"href":"https:\/\/www.jobtalent.com.ar\/sitio\/wp-json\/wp\/v2\/pages\/4424\/revisions\/7013"}],"wp:attachment":[{"href":"https:\/\/www.jobtalent.com.ar\/sitio\/wp-json\/wp\/v2\/media?parent=4424"}],"curies":[{"name":"wp","href":"https:\/\/api.w.org\/{rel}","templated":true}]}}