{"id":19900,"date":"2019-07-12T20:20:31","date_gmt":"2019-07-12T20:20:31","guid":{"rendered":"http:\/\/www.jobtalent.com.ar\/sitio\/?page_id=19900"},"modified":"2020-11-28T18:15:40","modified_gmt":"2020-11-28T18:15:40","slug":"inscripcion-a-taller-a-distancia-sobre-oratoria-aprovecha-el-domingo","status":"publish","type":"page","link":"https:\/\/www.jobtalent.com.ar\/sitio\/inscripcion-a-taller-a-distancia-sobre-oratoria-aprovecha-el-domingo\/","title":{"rendered":"INSCRIPCI\u00d3N A TALLER A DISTANCIA SOBRE ORATORIA \u00a1APROVECH\u00c1 EL DOMINGO PARA CAPACITARTE!"},"content":{"rendered":"<p><strong>\u00a1Particip\u00e1 del pr\u00f3ximo Taller de ORATORIA (SIN COSTO) mediante nuestra Plataforma On-Line!<\/strong><\/p>\n<p><em>Organiza la\u00a0<strong>Consultora JOBTALENT<\/strong>\u00a0(Desarrollo Profesional y Recursos Humanos) \/ <a href=\"http:\/\/www.jobtalent.com.ar\/\">www.jobtalent.com.ar<\/a><\/em><\/p>\n<p><strong><span style=\"color: #ff6600;\">PR\u00d3XIMO TALLER: DOMINGO 15:30 HS.<\/span><br \/>\n<\/strong><\/p>\n<p><em>Los temas a tratar en la capacitaci\u00f3n ser\u00e1n:<\/em><\/p>\n<ul>\n<li>\n<div><b>Introducci\u00f3n a la\u00a0<span class=\"m_-4274264072317709907gmail-m_-6596320102784090417gmail-m_3050995949669833828gmail-m_1006383366791812498gmail-m_-609392069818967089gmail-m_1130430950481627850gmail-m_5826615898721282268gmail-m_-5328056436752154124gmail-m_3675545199012974663gmail-m_-5549970622505221609gmail-m_6351067540452858872gmail-m_2820815191805037084gmail-m_6848628099476054815gmail-m_1390909674392776934gmail-m_637611192090798194gmail-m_-2903504283897613480gmail-m_-917151743131046743gmail-m_2203452750272105205gmail-m_560025382039621039gmail-m_-4168027074647474474gmail-m_503463976595085262gmail-m_6765699406228166414gmail-m_-8719854542309489993gmail-m_8835011981953100517gmail-m_-4182627930500869755gmail-m_5184309662399099313gmail-m_3742093065290446459gmail-m_1448809398843507155gmail-m_-790587585940629208gmail-m_5590243819655655153gmail-m_-4224393696502922729gmail-m_-8290896538214179678gmail-m_-6034976846031065973gmail-m_-2618027389719363125gmail-m_2377081434397157253gmail-m_-4945499263590011743gmail-m_-6052788258911507463gmail-m_5683024385292531641gmail-m_3238029067276347277gmail-m_-5432469374524761604gmail-m_2377670999822380659gmail-m_-2909028244597942699gmail-m_-4720082328948594475gmail-il\"><span class=\"m_-4274264072317709907gmail-m_-6596320102784090417gmail-m_3050995949669833828gmail-m_1006383366791812498gmail-m_-609392069818967089gmail-m_1130430950481627850gmail-m_5826615898721282268gmail-m_-5328056436752154124gmail-m_3675545199012974663gmail-m_-5549970622505221609gmail-m_6351067540452858872gmail-m_2820815191805037084gmail-m_6848628099476054815gmail-m_1390909674392776934gmail-m_637611192090798194gmail-m_-2903504283897613480gmail-m_-917151743131046743gmail-m_2203452750272105205gmail-m_560025382039621039gmail-m_-4168027074647474474gmail-m_503463976595085262gmail-m_6765699406228166414gmail-m_-8719854542309489993gmail-m_8835011981953100517gmail-m_-4182627930500869755gmail-m_5184309662399099313gmail-m_3742093065290446459gmail-m_1448809398843507155gmail-m_-790587585940629208gmail-m_5590243819655655153gmail-m_-4224393696502922729gmail-m_-8290896538214179678gmail-m_-6034976846031065973gmail-m_-2618027389719363125gmail-il\"><span class=\"il\">Oratoria<\/span><\/span><\/span><\/b><\/div>\n<\/li>\n<\/ul>\n<div><i>\u2013 Conceptos generales de la comunicaci\u00f3n.<\/i><\/div>\n<div><i>\u2013\u00a0<span class=\"m_-4274264072317709907gmail-m_-6596320102784090417gmail-m_3050995949669833828gmail-m_1006383366791812498gmail-m_-609392069818967089gmail-m_1130430950481627850gmail-m_5826615898721282268gmail-m_-5328056436752154124gmail-m_3675545199012974663gmail-m_-5549970622505221609gmail-m_6351067540452858872gmail-m_2820815191805037084gmail-m_6848628099476054815gmail-m_1390909674392776934gmail-m_637611192090798194gmail-m_-2903504283897613480gmail-m_-917151743131046743gmail-m_2203452750272105205gmail-m_560025382039621039gmail-m_-4168027074647474474gmail-m_503463976595085262gmail-m_6765699406228166414gmail-m_-8719854542309489993gmail-m_8835011981953100517gmail-m_-4182627930500869755gmail-m_5184309662399099313gmail-m_3742093065290446459gmail-m_1448809398843507155gmail-m_-790587585940629208gmail-m_5590243819655655153gmail-m_-4224393696502922729gmail-m_-8290896538214179678gmail-m_-6034976846031065973gmail-m_-2618027389719363125gmail-m_2377081434397157253gmail-m_-4945499263590011743gmail-m_-6052788258911507463gmail-m_5683024385292531641gmail-m_3238029067276347277gmail-m_-5432469374524761604gmail-m_2377670999822380659gmail-m_-2909028244597942699gmail-m_-4720082328948594475gmail-il\"><span class=\"m_-4274264072317709907gmail-m_-6596320102784090417gmail-m_3050995949669833828gmail-m_1006383366791812498gmail-m_-609392069818967089gmail-m_1130430950481627850gmail-m_5826615898721282268gmail-m_-5328056436752154124gmail-m_3675545199012974663gmail-m_-5549970622505221609gmail-m_6351067540452858872gmail-m_2820815191805037084gmail-m_6848628099476054815gmail-m_1390909674392776934gmail-m_637611192090798194gmail-m_-2903504283897613480gmail-m_-917151743131046743gmail-m_2203452750272105205gmail-m_560025382039621039gmail-m_-4168027074647474474gmail-m_503463976595085262gmail-m_6765699406228166414gmail-m_-8719854542309489993gmail-m_8835011981953100517gmail-m_-4182627930500869755gmail-m_5184309662399099313gmail-m_3742093065290446459gmail-m_1448809398843507155gmail-m_-790587585940629208gmail-m_5590243819655655153gmail-m_-4224393696502922729gmail-m_-8290896538214179678gmail-m_-6034976846031065973gmail-m_-2618027389719363125gmail-il\"><span class=\"il\">Oratoria<\/span><\/span><\/span>. Principios. Tipos de Discursos.<\/i><\/div>\n<ul>\n<li><b>El Orador<\/b><\/li>\n<\/ul>\n<div><i>\u2013 Caracter\u00edsticas de un orador.\u00a0Herramientas.<wbr \/>Vestimenta y presencia.\u00a0<\/i><\/div>\n<div><i>\u2013 Cualidades y virtudes.<\/i><\/div>\n<div><i>\u2013 Comunicaci\u00f3n verbal y Comunicaci\u00f3n No verbal\u00a0\u00a0<\/i><\/div>\n<div><i>\u2013 La acci\u00f3n corporal.\u00a0El lenguaje gestual.<\/i><\/div>\n<ul>\n<li>\n<div><b>Relaci\u00f3n con el auditorio<\/b><\/div>\n<\/li>\n<\/ul>\n<div><i>\u2013 \u201cEl Miedo\u00a0<span class=\"m_-4274264072317709907gmail-m_-6596320102784090417gmail-m_3050995949669833828gmail-m_1006383366791812498gmail-m_-609392069818967089gmail-m_1130430950481627850gmail-m_5826615898721282268gmail-m_-5328056436752154124gmail-m_3675545199012974663gmail-m_-5549970622505221609gmail-m_6351067540452858872gmail-m_2820815191805037084gmail-m_6848628099476054815gmail-m_1390909674392776934gmail-m_637611192090798194gmail-m_-2903504283897613480gmail-m_-917151743131046743gmail-m_2203452750272105205gmail-m_560025382039621039gmail-m_-4168027074647474474gmail-m_503463976595085262gmail-m_6765699406228166414gmail-m_-8719854542309489993gmail-m_8835011981953100517gmail-m_-4182627930500869755gmail-m_5184309662399099313gmail-m_3742093065290446459gmail-m_1448809398843507155gmail-m_-790587585940629208gmail-m_5590243819655655153gmail-m_-4224393696502922729gmail-m_-8290896538214179678gmail-m_-6034976846031065973gmail-m_-2618027389719363125gmail-il\"><span class=\"il\">Oratorio<\/span><\/span>\u00a0\u2013 C\u00f3mo Enfrentarlo\u201d<\/i><\/div>\n<div><i>\u2013 T\u00e9cnicas de\u00a0<span class=\"m_-4274264072317709907gmail-m_-6596320102784090417gmail-m_3050995949669833828gmail-m_1006383366791812498gmail-m_-609392069818967089gmail-m_1130430950481627850gmail-m_5826615898721282268gmail-m_-5328056436752154124gmail-m_3675545199012974663gmail-m_-5549970622505221609gmail-m_6351067540452858872gmail-m_2820815191805037084gmail-m_6848628099476054815gmail-m_1390909674392776934gmail-m_637611192090798194gmail-m_-2903504283897613480gmail-m_-917151743131046743gmail-m_2203452750272105205gmail-m_560025382039621039gmail-m_-4168027074647474474gmail-m_503463976595085262gmail-m_6765699406228166414gmail-m_-8719854542309489993gmail-m_8835011981953100517gmail-m_-4182627930500869755gmail-m_5184309662399099313gmail-m_3742093065290446459gmail-m_1448809398843507155gmail-m_-790587585940629208gmail-m_5590243819655655153gmail-m_-4224393696502922729gmail-m_-8290896538214179678gmail-m_-6034976846031065973gmail-m_-2618027389719363125gmail-m_2377081434397157253gmail-m_-4945499263590011743gmail-m_-6052788258911507463gmail-m_5683024385292531641gmail-m_3238029067276347277gmail-m_-5432469374524761604gmail-m_2377670999822380659gmail-m_-2909028244597942699gmail-m_-4720082328948594475gmail-il\"><span class=\"m_-4274264072317709907gmail-m_-6596320102784090417gmail-m_3050995949669833828gmail-m_1006383366791812498gmail-m_-609392069818967089gmail-m_1130430950481627850gmail-m_5826615898721282268gmail-m_-5328056436752154124gmail-m_3675545199012974663gmail-m_-5549970622505221609gmail-m_6351067540452858872gmail-m_2820815191805037084gmail-m_6848628099476054815gmail-m_1390909674392776934gmail-m_637611192090798194gmail-m_-2903504283897613480gmail-m_-917151743131046743gmail-m_2203452750272105205gmail-m_560025382039621039gmail-m_-4168027074647474474gmail-m_503463976595085262gmail-m_6765699406228166414gmail-m_-8719854542309489993gmail-m_8835011981953100517gmail-m_-4182627930500869755gmail-m_5184309662399099313gmail-m_3742093065290446459gmail-m_1448809398843507155gmail-m_-790587585940629208gmail-m_5590243819655655153gmail-m_-4224393696502922729gmail-m_-8290896538214179678gmail-m_-6034976846031065973gmail-m_-2618027389719363125gmail-il\"><span class=\"il\">Oratoria<\/span><\/span><\/span>\u00a0para el escenario, reuniones de trabajo y presentaciones de negocios.<\/i><\/div>\n<div><i>\u2013\u00a0Din\u00e1micas para mantener la atenci\u00f3n y el inter\u00e9s del auditorio.<\/i><\/div>\n<div><i>\u2013\u00a0<\/i><i>Contacto visual y Confianza.<\/i><\/div>\n<ul>\n<li><b>Organizaci\u00f3n del Discurso<\/b><\/li>\n<\/ul>\n<div><i>\u2013 Elecci\u00f3n del tema.<\/i><\/div>\n<div><i>\u2013 B\u00fasqueda y selecci\u00f3n del material.<\/i><\/div>\n<div><i>\u2013 Auto elaboraci\u00f3n de ideas.<\/i><\/div>\n<div><i>\u2013 Partes de un discurso.<\/i><\/div>\n<div><i>\u2013 Diagramaci\u00f3n del material.<\/i><\/div>\n<div><i>\u2013 Practicas de\u00a0<span class=\"m_-4274264072317709907gmail-m_-6596320102784090417gmail-m_3050995949669833828gmail-m_1006383366791812498gmail-m_-609392069818967089gmail-m_1130430950481627850gmail-m_5826615898721282268gmail-m_-5328056436752154124gmail-m_3675545199012974663gmail-m_-5549970622505221609gmail-m_6351067540452858872gmail-m_2820815191805037084gmail-m_6848628099476054815gmail-m_1390909674392776934gmail-m_637611192090798194gmail-m_-2903504283897613480gmail-m_-917151743131046743gmail-m_2203452750272105205gmail-m_560025382039621039gmail-m_-4168027074647474474gmail-m_503463976595085262gmail-m_6765699406228166414gmail-m_-8719854542309489993gmail-m_8835011981953100517gmail-m_-4182627930500869755gmail-m_5184309662399099313gmail-m_3742093065290446459gmail-m_1448809398843507155gmail-m_-790587585940629208gmail-m_5590243819655655153gmail-m_-4224393696502922729gmail-m_-8290896538214179678gmail-m_-6034976846031065973gmail-m_-2618027389719363125gmail-m_2377081434397157253gmail-m_-4945499263590011743gmail-m_-6052788258911507463gmail-m_5683024385292531641gmail-m_3238029067276347277gmail-m_-5432469374524761604gmail-m_2377670999822380659gmail-m_-2909028244597942699gmail-m_-4720082328948594475gmail-il\"><span class=\"m_-4274264072317709907gmail-m_-6596320102784090417gmail-m_3050995949669833828gmail-m_1006383366791812498gmail-m_-609392069818967089gmail-m_1130430950481627850gmail-m_5826615898721282268gmail-m_-5328056436752154124gmail-m_3675545199012974663gmail-m_-5549970622505221609gmail-m_6351067540452858872gmail-m_2820815191805037084gmail-m_6848628099476054815gmail-m_1390909674392776934gmail-m_637611192090798194gmail-m_-2903504283897613480gmail-m_-917151743131046743gmail-m_2203452750272105205gmail-m_560025382039621039gmail-m_-4168027074647474474gmail-m_503463976595085262gmail-m_6765699406228166414gmail-m_-8719854542309489993gmail-m_8835011981953100517gmail-m_-4182627930500869755gmail-m_5184309662399099313gmail-m_3742093065290446459gmail-m_1448809398843507155gmail-m_-790587585940629208gmail-m_5590243819655655153gmail-m_-4224393696502922729gmail-m_-8290896538214179678gmail-m_-6034976846031065973gmail-m_-2618027389719363125gmail-il\"><span class=\"il\">Oratoria.<\/span><\/span><\/span><\/i><\/div>\n<p><strong><img loading=\"lazy\" decoding=\"async\" class=\"alignnone size-full wp-image-9760\" src=\"http:\/\/www.jobtalent.com.ar\/sitio\/wp-content\/uploads\/2018\/11\/oratoria.jpg\" alt=\"\" width=\"299\" height=\"169\" \/><\/strong><\/p>\n<p><strong>INSCRIPCI\u00d3N COMPLETANDO EL SIGUIENTE FORMULARIO (una vez inscripto recibir\u00e1s el Instructivo para ingresar a la Videoconferencia en vivo el d\u00eda del Taller).<\/strong><\/p>\n\n<div class=\"wpcf7 no-js\" id=\"wpcf7-f19901-o1\" lang=\"es-ES\" dir=\"ltr\" data-wpcf7-id=\"19901\">\n<div class=\"screen-reader-response\"><p role=\"status\" aria-live=\"polite\" aria-atomic=\"true\"><\/p> <ul><\/ul><\/div>\n<form action=\"\/sitio\/wp-json\/wp\/v2\/pages\/19900#wpcf7-f19901-o1\" method=\"post\" class=\"wpcf7-form init\" aria-label=\"Formulario de contacto\" novalidate=\"novalidate\" data-status=\"init\">\n<div style=\"display: none;\">\n<input type=\"hidden\" name=\"_wpcf7\" value=\"19901\" \/>\n<input type=\"hidden\" name=\"_wpcf7_version\" value=\"6.0.6\" \/>\n<input type=\"hidden\" name=\"_wpcf7_locale\" value=\"es_ES\" \/>\n<input type=\"hidden\" name=\"_wpcf7_unit_tag\" value=\"wpcf7-f19901-o1\" \/>\n<input type=\"hidden\" name=\"_wpcf7_container_post\" value=\"0\" \/>\n<input type=\"hidden\" name=\"_wpcf7_posted_data_hash\" value=\"\" \/>\n<input type=\"hidden\" name=\"_wpcf7_recaptcha_response\" value=\"\" \/>\n<\/div>\n<p><label> Nombre<br \/>\n<span class=\"wpcf7-form-control-wrap\" data-name=\"your-name\"><input size=\"40\" maxlength=\"400\" class=\"wpcf7-form-control wpcf7-text wpcf7-validates-as-required\" aria-required=\"true\" aria-invalid=\"false\" value=\"\" type=\"text\" name=\"your-name\" \/><\/span> <\/label>\n<\/p>\n<p><label> Tu E-Mail<br \/>\n<span class=\"wpcf7-form-control-wrap\" data-name=\"your-email\"><input size=\"40\" maxlength=\"400\" class=\"wpcf7-form-control wpcf7-email wpcf7-validates-as-required wpcf7-text wpcf7-validates-as-email\" aria-required=\"true\" aria-invalid=\"false\" value=\"\" type=\"email\" name=\"your-email\" \/><\/span> <\/label>\n<\/p>\n<p><label> Tu tel\u00e9fono -indicar C\u00f3digo de \u00c1rea-<br \/>\n<span class=\"wpcf7-form-control-wrap\" data-name=\"tel-242\"><input size=\"40\" maxlength=\"400\" class=\"wpcf7-form-control wpcf7-tel wpcf7-validates-as-required wpcf7-text wpcf7-validates-as-tel\" aria-required=\"true\" aria-invalid=\"false\" value=\"\" type=\"tel\" name=\"tel-242\" \/><\/span> <\/label>\n<\/p>\n<p><label> \u00bfSos Estudiante o Graduado?<br \/>\n<span class=\"wpcf7-form-control-wrap\" data-name=\"your-subject\"><input size=\"40\" maxlength=\"400\" class=\"wpcf7-form-control wpcf7-text\" aria-invalid=\"false\" value=\"\" type=\"text\" name=\"your-subject\" \/><\/span> <\/label>\n<\/p>\n<p><label> Carrera<br \/>\n<span class=\"wpcf7-form-control-wrap\" data-name=\"your-subject\"><input size=\"40\" maxlength=\"400\" class=\"wpcf7-form-control wpcf7-text\" aria-invalid=\"false\" value=\"\" type=\"text\" name=\"your-subject\" \/><\/span> <\/label>\n<\/p>\n<p><label> \u00bfEn qu\u00e9 fecha quer\u00e9s participar?<br \/>\n<span class=\"wpcf7-form-control-wrap\" data-name=\"menu-496\"><select class=\"wpcf7-form-control wpcf7-select\" aria-invalid=\"false\" name=\"menu-496\"><option value=\"DOMINGO 15:30 hs\">DOMINGO 15:30 hs<\/option><\/select><\/span> <\/label>\n<\/p>\n<p><label> \u00bfPor qu\u00e9 quer\u00e9s realizar este Taller?<br \/>\n<span class=\"wpcf7-form-control-wrap\" data-name=\"your-message\"><textarea cols=\"40\" rows=\"10\" maxlength=\"2000\" class=\"wpcf7-form-control wpcf7-textarea\" aria-invalid=\"false\" name=\"your-message\"><\/textarea><\/span> <\/label>\n<\/p>\n<p><label> \u00bfC\u00f3mo te enteraste del evento?<br \/>\n<span class=\"wpcf7-form-control-wrap\" data-name=\"your-subject\"><input size=\"40\" maxlength=\"400\" class=\"wpcf7-form-control wpcf7-text\" aria-invalid=\"false\" value=\"\" type=\"text\" name=\"your-subject\" \/><\/span> <\/label>\n<\/p>\n<p><input class=\"wpcf7-form-control wpcf7-submit has-spinner\" type=\"submit\" value=\"INSCRIBIRME\" \/>\n<\/p><input type='hidden' class='wpcf7-pum' value='{\"closepopup\":false,\"closedelay\":0,\"openpopup\":false,\"openpopup_id\":0}' \/><div class=\"wpcf7-response-output\" aria-hidden=\"true\"><\/div>\n<\/form>\n<\/div>\n\n","protected":false},"excerpt":{"rendered":"<p>\u00a1Particip\u00e1 del pr\u00f3ximo Taller de ORATORIA (SIN COSTO) mediante nuestra Plataforma On-Line! Organiza la\u00a0Consultora JOBTALENT\u00a0(Desarrollo Profesional y Recursos Humanos) \/ www.jobtalent.com.ar PR\u00d3XIMO TALLER: DOMINGO 15:30 HS. Los temas a tratar en la capacitaci\u00f3n ser\u00e1n: Introducci\u00f3n a la\u00a0Oratoria \u2013 Conceptos generales &hellip; <\/p>\n","protected":false},"author":1,"featured_media":0,"parent":0,"menu_order":0,"comment_status":"closed","ping_status":"closed","template":"","meta":{"footnotes":""},"class_list":["post-19900","page","type-page","status-publish","hentry"],"aioseo_notices":[],"_links":{"self":[{"href":"https:\/\/www.jobtalent.com.ar\/sitio\/wp-json\/wp\/v2\/pages\/19900"}],"collection":[{"href":"https:\/\/www.jobtalent.com.ar\/sitio\/wp-json\/wp\/v2\/pages"}],"about":[{"href":"https:\/\/www.jobtalent.com.ar\/sitio\/wp-json\/wp\/v2\/types\/page"}],"author":[{"embeddable":true,"href":"https:\/\/www.jobtalent.com.ar\/sitio\/wp-json\/wp\/v2\/users\/1"}],"replies":[{"embeddable":true,"href":"https:\/\/www.jobtalent.com.ar\/sitio\/wp-json\/wp\/v2\/comments?post=19900"}],"version-history":[{"count":10,"href":"https:\/\/www.jobtalent.com.ar\/sitio\/wp-json\/wp\/v2\/pages\/19900\/revisions"}],"predecessor-version":[{"id":136526,"href":"https:\/\/www.jobtalent.com.ar\/sitio\/wp-json\/wp\/v2\/pages\/19900\/revisions\/136526"}],"wp:attachment":[{"href":"https:\/\/www.jobtalent.com.ar\/sitio\/wp-json\/wp\/v2\/media?parent=19900"}],"curies":[{"name":"wp","href":"https:\/\/api.w.org\/{rel}","templated":true}]}}