{"id":167766,"date":"2021-05-08T23:08:32","date_gmt":"2021-05-08T23:08:32","guid":{"rendered":"https:\/\/www.jobtalent.com.ar\/sitio\/?page_id=167766"},"modified":"2021-05-08T23:12:55","modified_gmt":"2021-05-08T23:12:55","slug":"inscripcion-al-taller-gratuito-a-distancia-sobre-%c2%a8bloqueos-emocionales-como-superarlos-y-aprender-de-ellos%c2%a8","status":"publish","type":"page","link":"https:\/\/www.jobtalent.com.ar\/sitio\/inscripcion-al-taller-gratuito-a-distancia-sobre-%c2%a8bloqueos-emocionales-como-superarlos-y-aprender-de-ellos%c2%a8\/","title":{"rendered":"INSCRIPCI\u00d3N AL TALLER GRATUITO A DISTANCIA SOBRE \u00a8BLOQUEOS EMOCIONALES: C\u00d3MO SUPERARLOS Y APRENDER DE ELLOS\u00a8"},"content":{"rendered":"<p><strong>\u00a1Particip\u00e1 del pr\u00f3ximo Taller (SIN COSTO) sobre <span style=\"color: #ff6600;\">\u00a8BLOQUEOS EMOCIONALES: C\u00d3MO SUPERARLOS Y APRENDER DE ELLOS\u00a8<\/span><\/strong><strong>\u00a0mediante nuestra Plataforma On-Line!<\/strong><\/p>\n<p><em>Organiza la\u00a0<strong>Consultora JOBTALENT<\/strong>\u00a0(Desarrollo Profesional y Recursos Humanos) \/\u00a0<a href=\"https:\/\/www.jobtalent.com.ar\/\">www.jobtalent.com.ar<\/a><\/em><\/p>\n<p><span style=\"color: #ff6600;\"><strong>PR\u00d3XIMA FECHA: MARTES 13 HS \u00d3 JUEVES 19:30 HS<\/strong><\/span><\/p>\n<p><span style=\"color: #ff6600;\"><strong>\u00a1ANOTATE EN EL D\u00cdA QUE POD\u00c9S PARTICIPAR!<\/strong><\/span><\/p>\n<p><img loading=\"lazy\" decoding=\"async\" class=\"alignnone  wp-image-130283\" src=\"https:\/\/www.jobtalent.com.ar\/sitio\/wp-content\/uploads\/2020\/11\/startup-3299033_640.jpg\" alt=\"\" width=\"389\" height=\"241\" srcset=\"https:\/\/www.jobtalent.com.ar\/sitio\/wp-content\/uploads\/2020\/11\/startup-3299033_640.jpg 640w, https:\/\/www.jobtalent.com.ar\/sitio\/wp-content\/uploads\/2020\/11\/startup-3299033_640-300x186.jpg 300w\" sizes=\"(max-width: 389px) 100vw, 389px\" \/><\/p>\n<p>Los temas a tratar en la capacitaci\u00f3n ser\u00e1n:<\/p>\n<h2><span style=\"font-size: small;\">El bloqueo emocional es una barrera que nos ponemos a nosotros mismos en un momento dado, la cual nos impide pensar y sentir con claridad. En este taller aprender\u00e1s herramientas para destrabar dichos obst\u00e1culos y aprender a disfrutar plenamente de la vida.<\/span><\/h2>\n<p><strong>INSCRIPCI\u00d3N COMPLETANDO EL SIGUIENTE FORMULARIO (una vez inscripto recibir\u00e1s el Instructivo para ingresar a la Videoconferencia en vivo el d\u00eda del Taller).<\/strong><\/p>\n\n<div class=\"wpcf7 no-js\" id=\"wpcf7-f167768-o1\" lang=\"es-ES\" dir=\"ltr\" data-wpcf7-id=\"167768\">\n<div class=\"screen-reader-response\"><p role=\"status\" aria-live=\"polite\" aria-atomic=\"true\"><\/p> <ul><\/ul><\/div>\n<form action=\"\/sitio\/wp-json\/wp\/v2\/pages\/167766#wpcf7-f167768-o1\" method=\"post\" class=\"wpcf7-form init\" aria-label=\"Formulario de contacto\" novalidate=\"novalidate\" data-status=\"init\">\n<div style=\"display: none;\">\n<input type=\"hidden\" name=\"_wpcf7\" value=\"167768\" \/>\n<input type=\"hidden\" name=\"_wpcf7_version\" value=\"6.0.6\" \/>\n<input type=\"hidden\" name=\"_wpcf7_locale\" value=\"es_ES\" \/>\n<input type=\"hidden\" name=\"_wpcf7_unit_tag\" value=\"wpcf7-f167768-o1\" \/>\n<input type=\"hidden\" name=\"_wpcf7_container_post\" value=\"0\" \/>\n<input type=\"hidden\" name=\"_wpcf7_posted_data_hash\" value=\"\" \/>\n<input type=\"hidden\" name=\"_wpcf7_recaptcha_response\" value=\"\" \/>\n<\/div>\n<p><label> Nombre<br \/>\n<span class=\"wpcf7-form-control-wrap\" data-name=\"your-name\"><input size=\"40\" maxlength=\"400\" class=\"wpcf7-form-control wpcf7-text wpcf7-validates-as-required\" aria-required=\"true\" aria-invalid=\"false\" value=\"\" type=\"text\" name=\"your-name\" \/><\/span> <\/label>\n<\/p>\n<p><label> Tu E-Mail<br \/>\n<span class=\"wpcf7-form-control-wrap\" data-name=\"your-email\"><input size=\"40\" maxlength=\"400\" class=\"wpcf7-form-control wpcf7-email wpcf7-validates-as-required wpcf7-text wpcf7-validates-as-email\" aria-required=\"true\" aria-invalid=\"false\" value=\"\" type=\"email\" name=\"your-email\" \/><\/span> <\/label>\n<\/p>\n<p><label> Tu tel\u00e9fono -indicar C\u00f3digo de \u00c1rea-<br \/>\n<span class=\"wpcf7-form-control-wrap\" data-name=\"tel-242\"><input size=\"40\" maxlength=\"400\" class=\"wpcf7-form-control wpcf7-tel wpcf7-validates-as-required wpcf7-text wpcf7-validates-as-tel\" aria-required=\"true\" aria-invalid=\"false\" value=\"\" type=\"tel\" name=\"tel-242\" \/><\/span> <\/label>\n<\/p>\n<p><label> \u00bfSos Estudiante o Graduado?<br \/>\n<span class=\"wpcf7-form-control-wrap\" data-name=\"your-subject\"><input size=\"40\" maxlength=\"400\" class=\"wpcf7-form-control wpcf7-text\" aria-invalid=\"false\" value=\"\" type=\"text\" name=\"your-subject\" \/><\/span> <\/label>\n<\/p>\n<p><label> Carrera<br \/>\n<span class=\"wpcf7-form-control-wrap\" data-name=\"your-subject\"><input size=\"40\" maxlength=\"400\" class=\"wpcf7-form-control wpcf7-text\" aria-invalid=\"false\" value=\"\" type=\"text\" name=\"your-subject\" \/><\/span> <\/label>\n<\/p>\n<p><label> \u00bfQu\u00e9 d\u00eda vas a participar del Taller?<br \/>\n<span class=\"wpcf7-form-control-wrap\" data-name=\"menu-496\"><select class=\"wpcf7-form-control wpcf7-select\" aria-invalid=\"false\" name=\"menu-496\"><option value=\"MARTES 13 HS\">MARTES 13 HS<\/option><option value=\"JUEVES 19:30 HS\">JUEVES 19:30 HS<\/option><\/select><\/span> <\/label>\n<\/p>\n<p><label> \u00bfPor qu\u00e9 quer\u00e9s realizar este Taller?<br \/>\n<span class=\"wpcf7-form-control-wrap\" data-name=\"your-message\"><textarea cols=\"40\" rows=\"10\" maxlength=\"2000\" class=\"wpcf7-form-control wpcf7-textarea\" aria-invalid=\"false\" name=\"your-message\"><\/textarea><\/span> <\/label>\n<\/p>\n<p><label> \u00bfC\u00f3mo te enteraste del evento?<br \/>\n<span class=\"wpcf7-form-control-wrap\" data-name=\"your-subject\"><input size=\"40\" maxlength=\"400\" class=\"wpcf7-form-control wpcf7-text\" aria-invalid=\"false\" value=\"\" type=\"text\" name=\"your-subject\" \/><\/span> <\/label>\n<\/p>\n<p><input class=\"wpcf7-form-control wpcf7-submit has-spinner\" type=\"submit\" value=\"INSCRIBIRME\" \/>\n<\/p><input type='hidden' class='wpcf7-pum' value='{\"closepopup\":false,\"closedelay\":0,\"openpopup\":false,\"openpopup_id\":0}' \/><div class=\"wpcf7-response-output\" aria-hidden=\"true\"><\/div>\n<\/form>\n<\/div>\n\n<div><\/div>\n<div><\/div>\n","protected":false},"excerpt":{"rendered":"<p>\u00a1Particip\u00e1 del pr\u00f3ximo Taller (SIN COSTO) sobre \u00a8BLOQUEOS EMOCIONALES: C\u00d3MO SUPERARLOS Y APRENDER DE ELLOS\u00a8\u00a0mediante nuestra Plataforma On-Line! Organiza la\u00a0Consultora JOBTALENT\u00a0(Desarrollo Profesional y Recursos Humanos) \/\u00a0www.jobtalent.com.ar PR\u00d3XIMA FECHA: MARTES 13 HS \u00d3 JUEVES 19:30 HS \u00a1ANOTATE EN EL D\u00cdA QUE &hellip; <\/p>\n","protected":false},"author":1,"featured_media":0,"parent":0,"menu_order":0,"comment_status":"closed","ping_status":"closed","template":"","meta":{"footnotes":""},"class_list":["post-167766","page","type-page","status-publish","hentry"],"aioseo_notices":[],"_links":{"self":[{"href":"https:\/\/www.jobtalent.com.ar\/sitio\/wp-json\/wp\/v2\/pages\/167766"}],"collection":[{"href":"https:\/\/www.jobtalent.com.ar\/sitio\/wp-json\/wp\/v2\/pages"}],"about":[{"href":"https:\/\/www.jobtalent.com.ar\/sitio\/wp-json\/wp\/v2\/types\/page"}],"author":[{"embeddable":true,"href":"https:\/\/www.jobtalent.com.ar\/sitio\/wp-json\/wp\/v2\/users\/1"}],"replies":[{"embeddable":true,"href":"https:\/\/www.jobtalent.com.ar\/sitio\/wp-json\/wp\/v2\/comments?post=167766"}],"version-history":[{"count":2,"href":"https:\/\/www.jobtalent.com.ar\/sitio\/wp-json\/wp\/v2\/pages\/167766\/revisions"}],"predecessor-version":[{"id":167770,"href":"https:\/\/www.jobtalent.com.ar\/sitio\/wp-json\/wp\/v2\/pages\/167766\/revisions\/167770"}],"wp:attachment":[{"href":"https:\/\/www.jobtalent.com.ar\/sitio\/wp-json\/wp\/v2\/media?parent=167766"}],"curies":[{"name":"wp","href":"https:\/\/api.w.org\/{rel}","templated":true}]}}