{"id":118690,"date":"2020-10-03T13:25:36","date_gmt":"2020-10-03T13:25:36","guid":{"rendered":"https:\/\/www.jobtalent.com.ar\/sitio\/?page_id=118690"},"modified":"2023-05-17T02:08:43","modified_gmt":"2023-05-17T02:08:43","slug":"inscripcion-al-taller-gratuito-a-distancia-sobre-marketing-para-emprendedores","status":"publish","type":"page","link":"https:\/\/www.jobtalent.com.ar\/sitio\/inscripcion-al-taller-gratuito-a-distancia-sobre-marketing-para-emprendedores\/","title":{"rendered":"INSCRIPCI\u00d3N AL TALLER GRATUITO (A DISTANCIA) SOBRE MARKETING PARA EMPRENDEDORES"},"content":{"rendered":"<p><strong>\u00a1Particip\u00e1 del pr\u00f3ximo Taller (SIN COSTO) sobre MARKETING PARA EMPRENDEDORES mediante nuestra Plataforma On-Line! (POR VIDEOCONFERENCIA EN VIVO).<\/strong><\/p>\n<p><em>Organiza la\u00a0<strong>Consultora JOBTALENT<\/strong>\u00a0(Desarrollo Profesional y Recursos Humanos) \/ <a href=\"http:\/\/www.jobtalent.com.ar\">www.jobtalent.com.ar<\/a><\/em><\/p>\n<p><strong><span style=\"color: #ff9900;\">REALIZAMOS LOS TALLERES DE LUNES A VIERNES (A LAS 21.30 HS) Y LOS S\u00c1BADOS (A LAS 14 HS) &#8211; \u00a1Anotate en el d\u00eda que pod\u00e9s a participar!<\/span><br \/>\n<\/strong><\/p>\n<p><img loading=\"lazy\" decoding=\"async\" class=\"alignnone  wp-image-101555\" src=\"https:\/\/www.jobtalent.com.ar\/sitio\/wp-content\/uploads\/2020\/08\/darts-155726_1280-271x300.png\" alt=\"\" width=\"236\" height=\"261\" srcset=\"https:\/\/www.jobtalent.com.ar\/sitio\/wp-content\/uploads\/2020\/08\/darts-155726_1280-271x300.png 271w, https:\/\/www.jobtalent.com.ar\/sitio\/wp-content\/uploads\/2020\/08\/darts-155726_1280-926x1024.png 926w, https:\/\/www.jobtalent.com.ar\/sitio\/wp-content\/uploads\/2020\/08\/darts-155726_1280-768x850.png 768w, https:\/\/www.jobtalent.com.ar\/sitio\/wp-content\/uploads\/2020\/08\/darts-155726_1280.png 1157w\" sizes=\"(max-width: 236px) 100vw, 236px\" \/><\/p>\n<p>Los temas a tratar en la capacitaci\u00f3n ser\u00e1n:<\/p>\n<div class=\"index\">\n<ul>\n<li>Primeros pasos de un Emprendedor. De la IDEA AL NEGOCIO.<\/li>\n<li>Introducci\u00f3n al Branding y al Brand Management.\u00a0\u00bfQu\u00e9 son las marcas y c\u00f3mo funcionan?\u00a0\u00bfC\u00f3mo eligen marcas los consumidores? Relaci\u00f3n con la gesti\u00f3n de marcas.\u00a0De la Identidad al desarrollo de la Imagen de marca. Segmentaci\u00f3n, Targeting y posicionamiento de marca.<\/li>\n<li>Aterrizaje en las Redes Sociales<\/li>\n<li>Estrategias de Marketing Tradicional y Digital para obtener Clientes<\/li>\n<li>C\u00f3mo conseguir seguidores para las Redes Sociales de mi Negocio y Emprendimiento.<\/li>\n<li>Estrategias para captar y fidelizar clientes.<\/li>\n<li>Qu\u00e9 es Google Ads.<\/li>\n<li>Facebook Org\u00e1nico y Facebook Pago.<\/li>\n<li>T\u00e9cnicas para Instagram.<\/li>\n<li>Claves para posicionar Videos en YOUTUBE<\/li>\n<li>Linkedin como socio-estrat\u00e9gico.<\/li>\n<li>Herramientas para hacer publicidad digital efectiva.<\/li>\n<\/ul>\n<\/div>\n<p><strong>\u00a0<img loading=\"lazy\" decoding=\"async\" class=\"alignnone  wp-image-9772\" src=\"https:\/\/www.jobtalent.com.ar\/sitio\/wp-content\/uploads\/2018\/11\/REDES.png\" alt=\"\" width=\"278\" height=\"167\" \/><\/strong><\/p>\n<p><strong>INSCRIPCI\u00d3N COMPLETANDO EL SIGUIENTE FORMULARIO (una vez inscripto recibir\u00e1s el Instructivo para ingresar a la Videoconferencia en vivo el d\u00eda del Taller).<\/strong><\/p>\n\n<div class=\"wpcf7 no-js\" id=\"wpcf7-f118699-o1\" lang=\"es-ES\" dir=\"ltr\" data-wpcf7-id=\"118699\">\n<div class=\"screen-reader-response\"><p role=\"status\" aria-live=\"polite\" aria-atomic=\"true\"><\/p> <ul><\/ul><\/div>\n<form action=\"\/sitio\/wp-json\/wp\/v2\/pages\/118690#wpcf7-f118699-o1\" method=\"post\" class=\"wpcf7-form init\" aria-label=\"Formulario de contacto\" novalidate=\"novalidate\" data-status=\"init\">\n<div style=\"display: none;\">\n<input type=\"hidden\" name=\"_wpcf7\" value=\"118699\" \/>\n<input type=\"hidden\" name=\"_wpcf7_version\" value=\"6.0.6\" \/>\n<input type=\"hidden\" name=\"_wpcf7_locale\" value=\"es_ES\" \/>\n<input type=\"hidden\" name=\"_wpcf7_unit_tag\" value=\"wpcf7-f118699-o1\" \/>\n<input type=\"hidden\" name=\"_wpcf7_container_post\" value=\"0\" \/>\n<input type=\"hidden\" name=\"_wpcf7_posted_data_hash\" value=\"\" \/>\n<input type=\"hidden\" name=\"_wpcf7_recaptcha_response\" value=\"\" \/>\n<\/div>\n<p><label> Nombre<br \/>\n<span class=\"wpcf7-form-control-wrap\" data-name=\"your-name\"><input size=\"40\" maxlength=\"400\" class=\"wpcf7-form-control wpcf7-text wpcf7-validates-as-required\" aria-required=\"true\" aria-invalid=\"false\" value=\"\" type=\"text\" name=\"your-name\" \/><\/span> <\/label>\n<\/p>\n<p><label> Tu E-Mail<br \/>\n<span class=\"wpcf7-form-control-wrap\" data-name=\"your-email\"><input size=\"40\" maxlength=\"400\" class=\"wpcf7-form-control wpcf7-email wpcf7-validates-as-required wpcf7-text wpcf7-validates-as-email\" aria-required=\"true\" aria-invalid=\"false\" value=\"\" type=\"email\" name=\"your-email\" \/><\/span> <\/label>\n<\/p>\n<p><label> Tu tel\u00e9fono -indicar C\u00f3digo de \u00c1rea-<br \/>\n<span class=\"wpcf7-form-control-wrap\" data-name=\"tel-242\"><input size=\"40\" maxlength=\"400\" class=\"wpcf7-form-control wpcf7-tel wpcf7-validates-as-required wpcf7-text wpcf7-validates-as-tel\" aria-required=\"true\" aria-invalid=\"false\" value=\"\" type=\"tel\" name=\"tel-242\" \/><\/span> <\/label>\n<\/p>\n<p><label> \u00bfSos Estudiante o Graduado?<br \/>\n<span class=\"wpcf7-form-control-wrap\" data-name=\"your-subject\"><input size=\"40\" maxlength=\"400\" class=\"wpcf7-form-control wpcf7-text\" aria-invalid=\"false\" value=\"\" type=\"text\" name=\"your-subject\" \/><\/span> <\/label>\n<\/p>\n<p><label> Carrera<br \/>\n<span class=\"wpcf7-form-control-wrap\" data-name=\"your-subject\"><input size=\"40\" maxlength=\"400\" class=\"wpcf7-form-control wpcf7-text\" aria-invalid=\"false\" value=\"\" type=\"text\" name=\"your-subject\" \/><\/span> <\/label>\n<\/p>\n<p><label> \u00bfEn qu\u00e9 Taller quer\u00e9s participar?<br \/>\n<span class=\"wpcf7-form-control-wrap\" data-name=\"menu-496\"><select class=\"wpcf7-form-control wpcf7-select\" aria-invalid=\"false\" name=\"menu-496\"><option value=\"LUNES 21.30 HS\">LUNES 21.30 HS<\/option><option value=\"MARTES 21.30 HS\">MARTES 21.30 HS<\/option><option value=\"MI\u00c9RCOLES 21.30 HS\">MI\u00c9RCOLES 21.30 HS<\/option><option value=\"JUEVES 21.30 HS\">JUEVES 21.30 HS<\/option><option value=\"VIERNES 21.30 HS\">VIERNES 21.30 HS<\/option><option value=\"S\u00c1BADO 14 hs\">S\u00c1BADO 14 hs<\/option><\/select><\/span> <\/label>\n<\/p>\n<p><label> \u00bfPor qu\u00e9 quer\u00e9s realizar este Taller?<br \/>\n<span class=\"wpcf7-form-control-wrap\" data-name=\"your-message\"><textarea cols=\"40\" rows=\"10\" maxlength=\"2000\" class=\"wpcf7-form-control wpcf7-textarea\" aria-invalid=\"false\" name=\"your-message\"><\/textarea><\/span> <\/label>\n<\/p>\n<p><label> \u00bfC\u00f3mo te enteraste del evento?<br \/>\n<span class=\"wpcf7-form-control-wrap\" data-name=\"your-subject\"><input size=\"40\" maxlength=\"400\" class=\"wpcf7-form-control wpcf7-text\" aria-invalid=\"false\" value=\"\" type=\"text\" name=\"your-subject\" \/><\/span> <\/label>\n<\/p>\n<p><input class=\"wpcf7-form-control wpcf7-submit has-spinner\" type=\"submit\" value=\"INSCRIBIRME\" \/>\n<\/p><input type='hidden' class='wpcf7-pum' value='{\"closepopup\":false,\"closedelay\":0,\"openpopup\":false,\"openpopup_id\":0}' \/><div class=\"wpcf7-response-output\" aria-hidden=\"true\"><\/div>\n<\/form>\n<\/div>\n\n","protected":false},"excerpt":{"rendered":"<p>\u00a1Particip\u00e1 del pr\u00f3ximo Taller (SIN COSTO) sobre MARKETING PARA EMPRENDEDORES mediante nuestra Plataforma On-Line! (POR VIDEOCONFERENCIA EN VIVO). Organiza la\u00a0Consultora JOBTALENT\u00a0(Desarrollo Profesional y Recursos Humanos) \/ www.jobtalent.com.ar REALIZAMOS LOS TALLERES DE LUNES A VIERNES (A LAS 21.30 HS) Y LOS &hellip; <\/p>\n","protected":false},"author":1,"featured_media":0,"parent":0,"menu_order":0,"comment_status":"closed","ping_status":"closed","template":"","meta":{"footnotes":""},"class_list":["post-118690","page","type-page","status-publish","hentry"],"aioseo_notices":[],"_links":{"self":[{"href":"https:\/\/www.jobtalent.com.ar\/sitio\/wp-json\/wp\/v2\/pages\/118690"}],"collection":[{"href":"https:\/\/www.jobtalent.com.ar\/sitio\/wp-json\/wp\/v2\/pages"}],"about":[{"href":"https:\/\/www.jobtalent.com.ar\/sitio\/wp-json\/wp\/v2\/types\/page"}],"author":[{"embeddable":true,"href":"https:\/\/www.jobtalent.com.ar\/sitio\/wp-json\/wp\/v2\/users\/1"}],"replies":[{"embeddable":true,"href":"https:\/\/www.jobtalent.com.ar\/sitio\/wp-json\/wp\/v2\/comments?post=118690"}],"version-history":[{"count":10,"href":"https:\/\/www.jobtalent.com.ar\/sitio\/wp-json\/wp\/v2\/pages\/118690\/revisions"}],"predecessor-version":[{"id":245314,"href":"https:\/\/www.jobtalent.com.ar\/sitio\/wp-json\/wp\/v2\/pages\/118690\/revisions\/245314"}],"wp:attachment":[{"href":"https:\/\/www.jobtalent.com.ar\/sitio\/wp-json\/wp\/v2\/media?parent=118690"}],"curies":[{"name":"wp","href":"https:\/\/api.w.org\/{rel}","templated":true}]}}