{"id":110844,"date":"2020-09-19T21:23:57","date_gmt":"2020-09-19T21:23:57","guid":{"rendered":"https:\/\/www.jobtalent.com.ar\/sitio\/?page_id=110844"},"modified":"2021-05-08T22:39:21","modified_gmt":"2021-05-08T22:39:21","slug":"inscripcion-al-taller-gratuito-a-distancia-sobre-gestion-de-la-confianza-y-la-motivacion-personal","status":"publish","type":"page","link":"https:\/\/www.jobtalent.com.ar\/sitio\/inscripcion-al-taller-gratuito-a-distancia-sobre-gestion-de-la-confianza-y-la-motivacion-personal\/","title":{"rendered":"INSCRIPCI\u00d3N AL TALLER GRATUITO (A DISTANCIA) SOBRE GESTI\u00d3N DE LA CONFIANZA, LA AUTOESTIMA Y LA MOTIVACI\u00d3N PERSONAL"},"content":{"rendered":"<p><strong>\u00a1Particip\u00e1 del pr\u00f3ximo Taller Gratuito sobre GESTI\u00d3N DE LA CONFIANZA Y LA MOTIVACI\u00d3N PERSONAL mediante nuestra Plataforma On-Line!<\/strong><\/p>\n<p><em>Organiza la\u00a0<strong>Consultora JOBTALENT<\/strong>\u00a0(Desarrollo Profesional y Recursos Humanos) \/\u00a0<a href=\"https:\/\/www.jobtalent.com.ar\/\">www.jobtalent.com.ar<\/a><\/em><\/p>\n<p><strong><span style=\"color: #ff6600;\">PR\u00d3XIMA FECHA: MI\u00c9RCOLES 19:30 HS. \u00d3 JUEVES 13 HS (\u00a1ELEG\u00cd Y ANOTATE EN LA FECHA QUE PUEDAS PARTICIPAR!)<\/span><br \/>\n<\/strong><\/p>\n<p>La\u00a0<b>confianza<\/b> es un importante activo que, aunque intangible es perfectamente gestionable. Por ello, si la <b>gesti\u00f3n<\/b>\u00a0de la reputaci\u00f3n se orienta a gestionar lo que uno es o hace, la\u00a0<b>gesti\u00f3n<\/b>\u00a0de la\u00a0<b>confianza<\/b> se orienta a definir lo que uno promete. La <strong>motivaci\u00f3n personal<\/strong> es un sentimiento impulsivo, producto del deseo de hacer u obtener algo, el cual muchas veces nos puede llevar a actuar en forma positiva o competitiva y otras veces en forma negativa o inescrupulosa.<\/p>\n<p><img loading=\"lazy\" decoding=\"async\" class=\"alignnone size-full wp-image-7275\" src=\"https:\/\/www.jobtalent.com.ar\/sitio\/wp-content\/uploads\/2017\/02\/PNL.jpg\" alt=\"\" width=\"225\" height=\"225\" srcset=\"https:\/\/www.jobtalent.com.ar\/sitio\/wp-content\/uploads\/2017\/02\/PNL.jpg 225w, https:\/\/www.jobtalent.com.ar\/sitio\/wp-content\/uploads\/2017\/02\/PNL-100x100.jpg 100w, https:\/\/www.jobtalent.com.ar\/sitio\/wp-content\/uploads\/2017\/02\/PNL-150x150.jpg 150w\" sizes=\"(max-width: 225px) 100vw, 225px\" \/><\/p>\n<p><strong>Los temas a tratar en la capacitaci\u00f3n ser\u00e1n:<\/strong><\/p>\n<ul>\n<li>Beneficios de la Confianza<\/li>\n<li>C\u00f3mo aumentar la confianza en la vida diaria<\/li>\n<li>La autoestima: el cimiento de la confianza<\/li>\n<li>El entusiasmo: el impulso hacia los objetivos<\/li>\n<li>La motivaci\u00f3n como herramienta para alcanzar las metas<\/li>\n<\/ul>\n<p><strong>INSCRIPCI\u00d3N COMPLETANDO EL SIGUIENTE FORMULARIO (una vez inscripto recibir\u00e1s el Instructivo para ingresar a la Videoconferencia en vivo el d\u00eda del Taller).<\/strong><\/p>\n\n<div class=\"wpcf7 no-js\" id=\"wpcf7-f110845-o1\" lang=\"es-ES\" dir=\"ltr\" data-wpcf7-id=\"110845\">\n<div class=\"screen-reader-response\"><p role=\"status\" aria-live=\"polite\" aria-atomic=\"true\"><\/p> <ul><\/ul><\/div>\n<form action=\"\/sitio\/wp-json\/wp\/v2\/pages\/110844#wpcf7-f110845-o1\" method=\"post\" class=\"wpcf7-form init\" aria-label=\"Formulario de contacto\" novalidate=\"novalidate\" data-status=\"init\">\n<div style=\"display: none;\">\n<input type=\"hidden\" name=\"_wpcf7\" value=\"110845\" \/>\n<input type=\"hidden\" name=\"_wpcf7_version\" value=\"6.0.6\" \/>\n<input type=\"hidden\" name=\"_wpcf7_locale\" value=\"es_ES\" \/>\n<input type=\"hidden\" name=\"_wpcf7_unit_tag\" value=\"wpcf7-f110845-o1\" \/>\n<input type=\"hidden\" name=\"_wpcf7_container_post\" value=\"0\" \/>\n<input type=\"hidden\" name=\"_wpcf7_posted_data_hash\" value=\"\" \/>\n<input type=\"hidden\" name=\"_wpcf7_recaptcha_response\" value=\"\" \/>\n<\/div>\n<p><label> Nombre<br \/>\n<span class=\"wpcf7-form-control-wrap\" data-name=\"your-name\"><input size=\"40\" maxlength=\"400\" class=\"wpcf7-form-control wpcf7-text wpcf7-validates-as-required\" aria-required=\"true\" aria-invalid=\"false\" value=\"\" type=\"text\" name=\"your-name\" \/><\/span> <\/label>\n<\/p>\n<p><label> Tu E-Mail<br \/>\n<span class=\"wpcf7-form-control-wrap\" data-name=\"your-email\"><input size=\"40\" maxlength=\"400\" class=\"wpcf7-form-control wpcf7-email wpcf7-validates-as-required wpcf7-text wpcf7-validates-as-email\" aria-required=\"true\" aria-invalid=\"false\" value=\"\" type=\"email\" name=\"your-email\" \/><\/span> <\/label>\n<\/p>\n<p><label> Tu tel\u00e9fono -indicar C\u00f3digo de \u00c1rea-<br \/>\n<span class=\"wpcf7-form-control-wrap\" data-name=\"tel-242\"><input size=\"40\" maxlength=\"400\" class=\"wpcf7-form-control wpcf7-tel wpcf7-validates-as-required wpcf7-text wpcf7-validates-as-tel\" aria-required=\"true\" aria-invalid=\"false\" value=\"\" type=\"tel\" name=\"tel-242\" \/><\/span> <\/label>\n<\/p>\n<p><label> \u00bfSos Estudiante o Graduado?<br \/>\n<span class=\"wpcf7-form-control-wrap\" data-name=\"your-subject\"><input size=\"40\" maxlength=\"400\" class=\"wpcf7-form-control wpcf7-text\" aria-invalid=\"false\" value=\"\" type=\"text\" name=\"your-subject\" \/><\/span> <\/label>\n<\/p>\n<p><label> Carrera<br \/>\n<span class=\"wpcf7-form-control-wrap\" data-name=\"your-subject\"><input size=\"40\" maxlength=\"400\" class=\"wpcf7-form-control wpcf7-text\" aria-invalid=\"false\" value=\"\" type=\"text\" name=\"your-subject\" \/><\/span> <\/label>\n<\/p>\n<p><label> \u00bfQu\u00e9 d\u00eda vas a participar del Taller?<br \/>\n<span class=\"wpcf7-form-control-wrap\" data-name=\"menu-496\"><select class=\"wpcf7-form-control wpcf7-select\" aria-invalid=\"false\" name=\"menu-496\"><option value=\"MI\u00c9RCOLES 19:30 HS\">MI\u00c9RCOLES 19:30 HS<\/option><option value=\"JUEVES 13 HS\">JUEVES 13 HS<\/option><\/select><\/span> <\/label>\n<\/p>\n<p><label> \u00bfPor qu\u00e9 quer\u00e9s realizar este Taller?<br \/>\n<span class=\"wpcf7-form-control-wrap\" data-name=\"your-message\"><textarea cols=\"40\" rows=\"10\" maxlength=\"2000\" class=\"wpcf7-form-control wpcf7-textarea\" aria-invalid=\"false\" name=\"your-message\"><\/textarea><\/span> <\/label>\n<\/p>\n<p><label> \u00bfC\u00f3mo te enteraste del evento?<br \/>\n<span class=\"wpcf7-form-control-wrap\" data-name=\"your-subject\"><input size=\"40\" maxlength=\"400\" class=\"wpcf7-form-control wpcf7-text\" aria-invalid=\"false\" value=\"\" type=\"text\" name=\"your-subject\" \/><\/span> <\/label>\n<\/p>\n<p><input class=\"wpcf7-form-control wpcf7-submit has-spinner\" type=\"submit\" value=\"INSCRIBIRME\" \/>\n<\/p><input type='hidden' class='wpcf7-pum' value='{\"closepopup\":false,\"closedelay\":0,\"openpopup\":false,\"openpopup_id\":0}' \/><div class=\"wpcf7-response-output\" aria-hidden=\"true\"><\/div>\n<\/form>\n<\/div>\n\n","protected":false},"excerpt":{"rendered":"<p>\u00a1Particip\u00e1 del pr\u00f3ximo Taller Gratuito sobre GESTI\u00d3N DE LA CONFIANZA Y LA MOTIVACI\u00d3N PERSONAL mediante nuestra Plataforma On-Line! Organiza la\u00a0Consultora JOBTALENT\u00a0(Desarrollo Profesional y Recursos Humanos) \/\u00a0www.jobtalent.com.ar PR\u00d3XIMA FECHA: MI\u00c9RCOLES 19:30 HS. \u00d3 JUEVES 13 HS (\u00a1ELEG\u00cd Y ANOTATE EN LA &hellip; <\/p>\n","protected":false},"author":1,"featured_media":0,"parent":0,"menu_order":0,"comment_status":"closed","ping_status":"closed","template":"","meta":{"footnotes":""},"class_list":["post-110844","page","type-page","status-publish","hentry"],"aioseo_notices":[],"_links":{"self":[{"href":"https:\/\/www.jobtalent.com.ar\/sitio\/wp-json\/wp\/v2\/pages\/110844"}],"collection":[{"href":"https:\/\/www.jobtalent.com.ar\/sitio\/wp-json\/wp\/v2\/pages"}],"about":[{"href":"https:\/\/www.jobtalent.com.ar\/sitio\/wp-json\/wp\/v2\/types\/page"}],"author":[{"embeddable":true,"href":"https:\/\/www.jobtalent.com.ar\/sitio\/wp-json\/wp\/v2\/users\/1"}],"replies":[{"embeddable":true,"href":"https:\/\/www.jobtalent.com.ar\/sitio\/wp-json\/wp\/v2\/comments?post=110844"}],"version-history":[{"count":8,"href":"https:\/\/www.jobtalent.com.ar\/sitio\/wp-json\/wp\/v2\/pages\/110844\/revisions"}],"predecessor-version":[{"id":167756,"href":"https:\/\/www.jobtalent.com.ar\/sitio\/wp-json\/wp\/v2\/pages\/110844\/revisions\/167756"}],"wp:attachment":[{"href":"https:\/\/www.jobtalent.com.ar\/sitio\/wp-json\/wp\/v2\/media?parent=110844"}],"curies":[{"name":"wp","href":"https:\/\/api.w.org\/{rel}","templated":true}]}}