{"id":110806,"date":"2020-09-19T19:57:27","date_gmt":"2020-09-19T19:57:27","guid":{"rendered":"https:\/\/www.jobtalent.com.ar\/sitio\/?page_id=110806"},"modified":"2021-01-17T14:28:20","modified_gmt":"2021-01-17T14:28:20","slug":"inscripcion-al-taller-gratuito-a-distancia-sobre-neuromarketing-lunes-1930-hs","status":"publish","type":"page","link":"https:\/\/www.jobtalent.com.ar\/sitio\/inscripcion-al-taller-gratuito-a-distancia-sobre-neuromarketing-lunes-1930-hs\/","title":{"rendered":"INSCRIPCI\u00d3N AL TALLER GRATUITO (A DISTANCIA) SOBRE NEUROMARKETING (LUNES 20:30 HS)"},"content":{"rendered":"<p><strong>\u00a1Particip\u00e1 del pr\u00f3ximo Taller (sin costo) sobre \u00a8Introducci\u00f3n al Neuromarketing: C\u00f3mo vender al cerebro\u00a8, mediante nuestra Plataforma On-Line!<\/strong><\/p>\n<p><em>Organiza la&nbsp;<strong>Consultora JOBTALENT<\/strong>&nbsp;(Desarrollo Profesional y Recursos Humanos) \/ <a href=\"http:\/\/www.jobtalent.com.ar\/\">www.jobtalent.com.ar<\/a><\/em><\/p>\n<p><span style=\"color: #ff6600;\"><strong>PR\u00d3XIMO TALLER: LUNES 19:30 HS. \u00a1ANOTATE!<br \/>\n<\/strong><\/span><\/p>\n<p><em><img loading=\"lazy\" decoding=\"async\" class=\"alignnone size-medium wp-image-110808\" src=\"https:\/\/www.jobtalent.com.ar\/sitio\/wp-content\/uploads\/2020\/09\/brain-3829057_1920-300x200.jpg\" alt=\"\" width=\"300\" height=\"200\" srcset=\"https:\/\/www.jobtalent.com.ar\/sitio\/wp-content\/uploads\/2020\/09\/brain-3829057_1920-300x200.jpg 300w, https:\/\/www.jobtalent.com.ar\/sitio\/wp-content\/uploads\/2020\/09\/brain-3829057_1920-1024x682.jpg 1024w, https:\/\/www.jobtalent.com.ar\/sitio\/wp-content\/uploads\/2020\/09\/brain-3829057_1920-768x512.jpg 768w, https:\/\/www.jobtalent.com.ar\/sitio\/wp-content\/uploads\/2020\/09\/brain-3829057_1920-1536x1023.jpg 1536w, https:\/\/www.jobtalent.com.ar\/sitio\/wp-content\/uploads\/2020\/09\/brain-3829057_1920.jpg 1920w\" sizes=\"(max-width: 300px) 100vw, 300px\" \/><\/em><\/p>\n<p><em>Los temas a tratar en la capacitaci\u00f3n ser\u00e1n:<\/em><\/p>\n<ul>\n<li>\u00bfQu\u00e9 es el Neuromarketing?<\/li>\n<li>El posicionamiento y el producto en el cerebro<\/li>\n<li>La comunicaci\u00f3n y creaci\u00f3n de v\u00ednculos<\/li>\n<li>PNL<\/li>\n<li>Principios psicol\u00f3gicos usados en Marketing<\/li>\n<li>Neurociencia aplicada al Marketing<\/li>\n<\/ul>\n<p><strong>INSCRIPCI\u00d3N COMPLETANDO EL SIGUIENTE FORMULARIO (una vez inscripto recibir\u00e1s el Instructivo para ingresar a la Videoconferencia en vivo el d\u00eda del Taller).<\/strong><\/p>\n\n<div class=\"wpcf7 no-js\" id=\"wpcf7-f110807-o1\" lang=\"es-ES\" dir=\"ltr\" data-wpcf7-id=\"110807\">\n<div class=\"screen-reader-response\"><p role=\"status\" aria-live=\"polite\" aria-atomic=\"true\"><\/p> <ul><\/ul><\/div>\n<form action=\"\/sitio\/wp-json\/wp\/v2\/pages\/110806#wpcf7-f110807-o1\" method=\"post\" class=\"wpcf7-form init\" aria-label=\"Formulario de contacto\" novalidate=\"novalidate\" data-status=\"init\">\n<div style=\"display: none;\">\n<input type=\"hidden\" name=\"_wpcf7\" value=\"110807\" \/>\n<input type=\"hidden\" name=\"_wpcf7_version\" value=\"6.0.6\" \/>\n<input type=\"hidden\" name=\"_wpcf7_locale\" value=\"es_ES\" \/>\n<input type=\"hidden\" name=\"_wpcf7_unit_tag\" value=\"wpcf7-f110807-o1\" \/>\n<input type=\"hidden\" name=\"_wpcf7_container_post\" value=\"0\" \/>\n<input type=\"hidden\" name=\"_wpcf7_posted_data_hash\" value=\"\" \/>\n<input type=\"hidden\" name=\"_wpcf7_recaptcha_response\" value=\"\" \/>\n<\/div>\n<p><label> Nombre<br \/>\n<span class=\"wpcf7-form-control-wrap\" data-name=\"your-name\"><input size=\"40\" maxlength=\"400\" class=\"wpcf7-form-control wpcf7-text wpcf7-validates-as-required\" aria-required=\"true\" aria-invalid=\"false\" value=\"\" type=\"text\" name=\"your-name\" \/><\/span> <\/label>\n<\/p>\n<p><label> Tu E-Mail<br \/>\n<span class=\"wpcf7-form-control-wrap\" data-name=\"your-email\"><input size=\"40\" maxlength=\"400\" class=\"wpcf7-form-control wpcf7-email wpcf7-validates-as-required wpcf7-text wpcf7-validates-as-email\" aria-required=\"true\" aria-invalid=\"false\" value=\"\" type=\"email\" name=\"your-email\" \/><\/span> <\/label>\n<\/p>\n<p><label> Tu tel\u00e9fono -indicar C\u00f3digo de \u00c1rea-<br \/>\n<span class=\"wpcf7-form-control-wrap\" data-name=\"tel-242\"><input size=\"40\" maxlength=\"400\" class=\"wpcf7-form-control wpcf7-tel wpcf7-validates-as-required wpcf7-text wpcf7-validates-as-tel\" aria-required=\"true\" aria-invalid=\"false\" value=\"\" type=\"tel\" name=\"tel-242\" \/><\/span> <\/label>\n<\/p>\n<p><label> \u00bfSos Estudiante o Graduado?<br \/>\n<span class=\"wpcf7-form-control-wrap\" data-name=\"your-subject\"><input size=\"40\" maxlength=\"400\" class=\"wpcf7-form-control wpcf7-text\" aria-invalid=\"false\" value=\"\" type=\"text\" name=\"your-subject\" \/><\/span> <\/label>\n<\/p>\n<p><label> Carrera<br \/>\n<span class=\"wpcf7-form-control-wrap\" data-name=\"your-subject\"><input size=\"40\" maxlength=\"400\" class=\"wpcf7-form-control wpcf7-text\" aria-invalid=\"false\" value=\"\" type=\"text\" name=\"your-subject\" \/><\/span> <\/label>\n<\/p>\n<p><label> \u00bfEn qu\u00e9 Taller quer\u00e9s participar?<br \/>\n<span class=\"wpcf7-form-control-wrap\" data-name=\"menu-496\"><select class=\"wpcf7-form-control wpcf7-select\" aria-invalid=\"false\" name=\"menu-496\"><option value=\"Lunes 20:30 hs\">Lunes 20:30 hs<\/option><\/select><\/span> <\/label>\n<\/p>\n<p><label> \u00bfPor qu\u00e9 quer\u00e9s realizar este Taller?<br \/>\n<span class=\"wpcf7-form-control-wrap\" data-name=\"your-message\"><textarea cols=\"40\" rows=\"10\" maxlength=\"2000\" class=\"wpcf7-form-control wpcf7-textarea\" aria-invalid=\"false\" name=\"your-message\"><\/textarea><\/span> <\/label>\n<\/p>\n<p><label> \u00bfC\u00f3mo te enteraste del evento?<br \/>\n<span class=\"wpcf7-form-control-wrap\" data-name=\"your-subject\"><input size=\"40\" maxlength=\"400\" class=\"wpcf7-form-control wpcf7-text\" aria-invalid=\"false\" value=\"\" type=\"text\" name=\"your-subject\" \/><\/span> <\/label>\n<\/p>\n<p><input class=\"wpcf7-form-control wpcf7-submit has-spinner\" type=\"submit\" value=\"INSCRIBIRME\" \/>\n<\/p><input type='hidden' class='wpcf7-pum' value='{\"closepopup\":false,\"closedelay\":0,\"openpopup\":false,\"openpopup_id\":0}' \/><div class=\"wpcf7-response-output\" aria-hidden=\"true\"><\/div>\n<\/form>\n<\/div>\n\n","protected":false},"excerpt":{"rendered":"<p>\u00a1Particip\u00e1 del pr\u00f3ximo Taller (sin costo) sobre \u00a8Introducci\u00f3n al Neuromarketing: C\u00f3mo vender al cerebro\u00a8, mediante nuestra Plataforma On-Line! Organiza la&nbsp;Consultora JOBTALENT&nbsp;(Desarrollo Profesional y Recursos Humanos) \/ www.jobtalent.com.ar PR\u00d3XIMO TALLER: LUNES 19:30 HS. \u00a1ANOTATE! Los temas a tratar en la capacitaci\u00f3n &hellip; <\/p>\n","protected":false},"author":1,"featured_media":0,"parent":0,"menu_order":0,"comment_status":"closed","ping_status":"closed","template":"","meta":{"footnotes":""},"class_list":["post-110806","page","type-page","status-publish","hentry"],"aioseo_notices":[],"_links":{"self":[{"href":"https:\/\/www.jobtalent.com.ar\/sitio\/wp-json\/wp\/v2\/pages\/110806"}],"collection":[{"href":"https:\/\/www.jobtalent.com.ar\/sitio\/wp-json\/wp\/v2\/pages"}],"about":[{"href":"https:\/\/www.jobtalent.com.ar\/sitio\/wp-json\/wp\/v2\/types\/page"}],"author":[{"embeddable":true,"href":"https:\/\/www.jobtalent.com.ar\/sitio\/wp-json\/wp\/v2\/users\/1"}],"replies":[{"embeddable":true,"href":"https:\/\/www.jobtalent.com.ar\/sitio\/wp-json\/wp\/v2\/comments?post=110806"}],"version-history":[{"count":5,"href":"https:\/\/www.jobtalent.com.ar\/sitio\/wp-json\/wp\/v2\/pages\/110806\/revisions"}],"predecessor-version":[{"id":150730,"href":"https:\/\/www.jobtalent.com.ar\/sitio\/wp-json\/wp\/v2\/pages\/110806\/revisions\/150730"}],"wp:attachment":[{"href":"https:\/\/www.jobtalent.com.ar\/sitio\/wp-json\/wp\/v2\/media?parent=110806"}],"curies":[{"name":"wp","href":"https:\/\/api.w.org\/{rel}","templated":true}]}}